{"id":980,"date":"2024-01-23T09:52:10","date_gmt":"2024-01-23T09:52:10","guid":{"rendered":"https:\/\/accelerando.media\/mediatheque\/the-4th-wall-le-4eme-mur\/"},"modified":"2024-03-20T14:41:15","modified_gmt":"2024-03-20T14:41:15","slug":"the-4th-wall-le-4eme-mur","status":"publish","type":"page","link":"https:\/\/accelerando.media\/fr\/mediatheque\/the-4th-wall-le-4eme-mur\/","title":{"rendered":"The 4th Wall \/ Le 4\u00e8me Mur"},"content":{"rendered":"<p>[et_pb_section fb_built=\u00a0\u00bb1&Prime; _builder_version=\u00a0\u00bb4.23&Prime; _module_preset=\u00a0\u00bbdefault\u00a0\u00bb background_color=\u00a0\u00bb#f3f5fb\u00a0\u00bb locked=\u00a0\u00bboff\u00a0\u00bb collapsed=\u00a0\u00bbon\u00a0\u00bb global_colors_info=\u00a0\u00bb{}\u00a0\u00bb][et_pb_row _builder_version=\u00a0\u00bb4.23&Prime; _module_preset=\u00a0\u00bbdefault\u00a0\u00bb global_colors_info=\u00a0\u00bb{}\u00a0\u00bb][et_pb_column type=\u00a0\u00bb4_4&Prime; _builder_version=\u00a0\u00bb4.23&Prime; _module_preset=\u00a0\u00bbdefault\u00a0\u00bb global_colors_info=\u00a0\u00bb{}\u00a0\u00bb][et_pb_text _builder_version=\u00a0\u00bb4.23&Prime; _module_preset=\u00a0\u00bbdefault\u00a0\u00bb header_font=\u00a0\u00bbInter||||||||\u00a0\u00bb header_text_align=\u00a0\u00bbleft\u00a0\u00bb header_text_color=\u00a0\u00bb#1d83ff\u00a0\u00bb header_font_size=\u00a0\u00bb50px\u00a0\u00bb global_colors_info=\u00a0\u00bb{}\u00a0\u00bb]<\/p>\n<h1>M\u00e9diath\u00e8que<\/h1>\n<p>[\/et_pb_text][et_pb_text _builder_version=\u00a0\u00bb4.23&Prime; _module_preset=\u00a0\u00bbdefault\u00a0\u00bb text_font_size=\u00a0\u00bb18px\u00a0\u00bb text_line_height=\u00a0\u00bb1.6em\u00a0\u00bb global_colors_info=\u00a0\u00bb{}\u00a0\u00bb]<\/p>\n<p><span class=\"wixui-rich-text__text\">accelerando.media<\/span><span>  Il s\u2019agit de mettre de la musique en ligne. Avez-vous d\u00e9j\u00e0 de la musique en ligne que vous aimeriez que les autres voient ? Marie-t-il le film\/vid\u00e9o et la musique d\u2019une mani\u00e8re innovante et artistiquement stimulante ? Est-ce qu\u2019il dure moins de sept minutes&nbsp;? Si c\u2019est le cas, cliquez sur  <\/span><span class=\"wixui-rich-text__text\"><br \/>\n  <a href=\"https:\/\/accelerando.media\/video-submission\/\" class=\"wixui-rich-text__text\">ici<\/a><br \/>\n<\/span><span> pour remplir un formulaire et nous verrons si nous pouvons l\u2019ajouter \u00e0 notre <\/span><span class=\"wixui-rich-text__text\"><br \/>\n  <a href=\"https:\/\/accelerando.media\/fr\/mediatheque\/\" class=\"wixui-rich-text__text\">m\u00e9diath\u00e8que<\/a><br \/>\n<\/span><span>.<\/span><\/p>\n<p>[\/et_pb_text][et_pb_video src=\u00a0\u00bbhttps:\/\/www.youtube.com\/watch?v=xgLIeUuqlFg\u00a0\u00bb _builder_version=\u00a0\u00bb4.23&Prime; _module_preset=\u00a0\u00bbdefault\u00a0\u00bb hover_enabled=\u00a0\u00bb0&Prime; global_colors_info=\u00a0\u00bb{}\u00a0\u00bb sticky_enabled=\u00a0\u00bb0&Prime;][\/et_pb_video][\/et_pb_column][\/et_pb_row][et_pb_row use_custom_gutter=\u00a0\u00bbon\u00a0\u00bb gutter_width=\u00a0\u00bb1&Prime; make_equal=\u00a0\u00bbon\u00a0\u00bb _builder_version=\u00a0\u00bb4.23&Prime; _module_preset=\u00a0\u00bbdefault\u00a0\u00bb module_alignment=\u00a0\u00bbcenter\u00a0\u00bb global_colors_info=\u00a0\u00bb{}\u00a0\u00bb][et_pb_column type=\u00a0\u00bb4_4&Prime; _builder_version=\u00a0\u00bb4.23&Prime; _module_preset=\u00a0\u00bbdefault\u00a0\u00bb global_colors_info=\u00a0\u00bb{}\u00a0\u00bb][et_pb_text _builder_version=\u00a0\u00bb4.23&Prime; _module_preset=\u00a0\u00bbdefault\u00a0\u00bb text_font_size=\u00a0\u00bb18px\u00a0\u00bb text_line_height=\u00a0\u00bb1.6em\u00a0\u00bb header_2_text_align=\u00a0\u00bbcenter\u00a0\u00bb header_2_text_color=\u00a0\u00bb#1d83ff\u00a0\u00bb hover_enabled=\u00a0\u00bb0&Prime; global_colors_info=\u00a0\u00bb{}\u00a0\u00bb sticky_enabled=\u00a0\u00bb0&Prime;]<strong>The 4th Wall \/ Le 4\u00e8me Mur<\/p>\n<p><\/strong><\/p>\n<p>[\/et_pb_text][et_pb_text _builder_version=\u00a0\u00bb4.23&Prime; _module_preset=\u00a0\u00bbdefault\u00a0\u00bb text_font_size=\u00a0\u00bb18px\u00a0\u00bb text_line_height=\u00a0\u00bb1.6em\u00a0\u00bb header_2_text_align=\u00a0\u00bbcenter\u00a0\u00bb header_2_text_color=\u00a0\u00bb#1d83ff\u00a0\u00bb hover_enabled=\u00a0\u00bb0&Prime; global_colors_info=\u00a0\u00bb{}\u00a0\u00bb sticky_enabled=\u00a0\u00bb0&Prime;]<\/p>\n<p><em>Phase vid\u00e9o<\/em><\/p>\n<p>Les membres de Video Phase restent actifs et cr\u00e9atifs, m\u00eame quand chacun doit rester chez soi&nbsp;! Pendant le confinement, le groupe a d\u00e9cid\u00e9 de travailler sur une nouvelle cr\u00e9ation pens\u00e9e pour les supports num\u00e9riques.<\/p>\n<p>Afin de r\u00e9aliser ce projet ambitieux, Video Phase s\u2019est entour\u00e9 de fantastiques collaborateurs : Maxime D\u00e9l\u00e9ris, notre troisi\u00e8me Julien, impliqu\u00e9 d\u00e8s la naissance du projet, qui avait d\u00e9j\u00e0 collabor\u00e9 par le pass\u00e9 sur des effets sp\u00e9ciaux pour le spectacle Lumens, et Vincent Campbell, dans les derni\u00e8res semaines de production pour finaliser les effets visuels et particules. Un grand merci \u00e9galement au Conseil des Arts du Canada pour leur soutien financier qui a permis au projet de voir le jour.<br \/>&#8212;<br \/>Les membres de la phase vid\u00e9o restent actifs et cr\u00e9atifs, m\u00eame lorsque tout le monde reste \u00e0 la maison ! Le groupe a d\u00e9cid\u00e9 de travailler dur pendant le confinement mondial, en cr\u00e9ant de nouveaux contenus sp\u00e9cialement con\u00e7us pour les plateformes num\u00e9riques.<\/p>\n<p>Video Phase a eu la chance de collaborer avec une \u00e9quipe tr\u00e8s talentueuse pour mener \u00e0 bien ce projet ambitieux : Maxime D\u00e9l\u00e9ris, le troisi\u00e8me Julien, engag\u00e9 depuis le tout d\u00e9but du concept, qui a d\u00e9j\u00e0 collabor\u00e9 avec nous sur des effets sp\u00e9ciaux pour le spectacle Lumens. Et Vincent Campbell, pour les derni\u00e8res semaines de la production, pour nous aider \u00e0 finaliser les effets visuels et \u00e0 cr\u00e9er des particules. Un grand merci au Conseil des arts du Canada pour son soutien financier qui a rendu ce projet possible.<\/p>\n<p>[\/et_pb_text][\/et_pb_column][\/et_pb_row][\/et_pb_section]<\/p>\n","protected":false},"excerpt":{"rendered":"<p>M\u00e9diath\u00e8queaccelerando.media Il s\u2019agit de mettre de la musique en ligne. Avez-vous d\u00e9j\u00e0 de la musique en ligne que vous aimeriez que les autres voient ? Marie-t-il le film\/vid\u00e9o et la musique d\u2019une mani\u00e8re innovante et artistiquement stimulante ? Est-ce qu\u2019il dure moins de sept minutes&nbsp;? Si c\u2019est le cas, cliquez sur ici pour remplir un [&hellip;]<\/p>\n","protected":false},"author":1,"featured_media":0,"parent":953,"menu_order":0,"comment_status":"closed","ping_status":"closed","template":"","meta":{"_et_pb_use_builder":"on","_et_pb_old_content":"","_et_gb_content_width":"","footnotes":""},"class_list":["post-980","page","type-page","status-publish","hentry"],"yoast_head":"<!-- This site is optimized with the Yoast SEO plugin v22.4 - https:\/\/yoast.com\/wordpress\/plugins\/seo\/ -->\n<title>The 4th Wall \/ Le 4\u00e8me Mur - Accelerando Media<\/title>\n<meta name=\"robots\" content=\"index, follow, max-snippet:-1, max-image-preview:large, max-video-preview:-1\" \/>\n<link rel=\"canonical\" href=\"https:\/\/accelerando.media\/fr\/mediatheque\/the-4th-wall-le-4eme-mur\/\" \/>\n<meta property=\"og:locale\" content=\"fr_CA\" \/>\n<meta property=\"og:type\" content=\"article\" \/>\n<meta property=\"og:title\" content=\"The 4th Wall \/ Le 4\u00e8me Mur - Accelerando Media\" \/>\n<meta property=\"og:url\" content=\"https:\/\/accelerando.media\/fr\/mediatheque\/the-4th-wall-le-4eme-mur\/\" \/>\n<meta property=\"og:site_name\" content=\"Accelerando Media\" \/>\n<meta property=\"article:modified_time\" content=\"2024-03-20T14:41:15+00:00\" \/>\n<meta name=\"twitter:card\" content=\"summary_large_image\" \/>\n<meta name=\"twitter:label1\" content=\"Estimation du temps de lecture\" \/>\n\t<meta name=\"twitter:data1\" content=\"3 minutes\" \/>\n<script type=\"application\/ld+json\" class=\"yoast-schema-graph\">{\"@context\":\"https:\/\/schema.org\",\"@graph\":[{\"@type\":\"WebPage\",\"@id\":\"https:\/\/accelerando.media\/fr\/mediatheque\/the-4th-wall-le-4eme-mur\/\",\"url\":\"https:\/\/accelerando.media\/fr\/mediatheque\/the-4th-wall-le-4eme-mur\/\",\"name\":\"The 4th Wall \/ Le 4\u00e8me Mur - Accelerando Media\",\"isPartOf\":{\"@id\":\"https:\/\/accelerando.media\/#website\"},\"datePublished\":\"2024-01-23T09:52:10+00:00\",\"dateModified\":\"2024-03-20T14:41:15+00:00\",\"breadcrumb\":{\"@id\":\"https:\/\/accelerando.media\/fr\/mediatheque\/the-4th-wall-le-4eme-mur\/#breadcrumb\"},\"inLanguage\":\"fr-CA\",\"potentialAction\":[{\"@type\":\"ReadAction\",\"target\":[\"https:\/\/accelerando.media\/fr\/mediatheque\/the-4th-wall-le-4eme-mur\/\"]}]},{\"@type\":\"BreadcrumbList\",\"@id\":\"https:\/\/accelerando.media\/fr\/mediatheque\/the-4th-wall-le-4eme-mur\/#breadcrumb\",\"itemListElement\":[{\"@type\":\"ListItem\",\"position\":1,\"name\":\"Home\",\"item\":\"https:\/\/accelerando.media\/fr\/\"},{\"@type\":\"ListItem\",\"position\":2,\"name\":\"M\u00e9diath\u00e8que\",\"item\":\"https:\/\/accelerando.media\/fr\/mediatheque\/\"},{\"@type\":\"ListItem\",\"position\":3,\"name\":\"The 4th Wall \/ Le 4\u00e8me Mur\"}]},{\"@type\":\"WebSite\",\"@id\":\"https:\/\/accelerando.media\/#website\",\"url\":\"https:\/\/accelerando.media\/\",\"name\":\"Accelerando Media\",\"description\":\"\",\"potentialAction\":[{\"@type\":\"SearchAction\",\"target\":{\"@type\":\"EntryPoint\",\"urlTemplate\":\"https:\/\/accelerando.media\/?s={search_term_string}\"},\"query-input\":\"required name=search_term_string\"}],\"inLanguage\":\"fr-CA\"}]}<\/script>\n<!-- \/ Yoast SEO plugin. -->","yoast_head_json":{"title":"The 4th Wall \/ Le 4\u00e8me Mur - Accelerando Media","robots":{"index":"index","follow":"follow","max-snippet":"max-snippet:-1","max-image-preview":"max-image-preview:large","max-video-preview":"max-video-preview:-1"},"canonical":"https:\/\/accelerando.media\/fr\/mediatheque\/the-4th-wall-le-4eme-mur\/","og_locale":"fr_CA","og_type":"article","og_title":"The 4th Wall \/ Le 4\u00e8me Mur - Accelerando Media","og_url":"https:\/\/accelerando.media\/fr\/mediatheque\/the-4th-wall-le-4eme-mur\/","og_site_name":"Accelerando Media","article_modified_time":"2024-03-20T14:41:15+00:00","twitter_card":"summary_large_image","twitter_misc":{"Estimation du temps de lecture":"3 minutes"},"schema":{"@context":"https:\/\/schema.org","@graph":[{"@type":"WebPage","@id":"https:\/\/accelerando.media\/fr\/mediatheque\/the-4th-wall-le-4eme-mur\/","url":"https:\/\/accelerando.media\/fr\/mediatheque\/the-4th-wall-le-4eme-mur\/","name":"The 4th Wall \/ Le 4\u00e8me Mur - Accelerando Media","isPartOf":{"@id":"https:\/\/accelerando.media\/#website"},"datePublished":"2024-01-23T09:52:10+00:00","dateModified":"2024-03-20T14:41:15+00:00","breadcrumb":{"@id":"https:\/\/accelerando.media\/fr\/mediatheque\/the-4th-wall-le-4eme-mur\/#breadcrumb"},"inLanguage":"fr-CA","potentialAction":[{"@type":"ReadAction","target":["https:\/\/accelerando.media\/fr\/mediatheque\/the-4th-wall-le-4eme-mur\/"]}]},{"@type":"BreadcrumbList","@id":"https:\/\/accelerando.media\/fr\/mediatheque\/the-4th-wall-le-4eme-mur\/#breadcrumb","itemListElement":[{"@type":"ListItem","position":1,"name":"Home","item":"https:\/\/accelerando.media\/fr\/"},{"@type":"ListItem","position":2,"name":"M\u00e9diath\u00e8que","item":"https:\/\/accelerando.media\/fr\/mediatheque\/"},{"@type":"ListItem","position":3,"name":"The 4th Wall \/ Le 4\u00e8me Mur"}]},{"@type":"WebSite","@id":"https:\/\/accelerando.media\/#website","url":"https:\/\/accelerando.media\/","name":"Accelerando Media","description":"","potentialAction":[{"@type":"SearchAction","target":{"@type":"EntryPoint","urlTemplate":"https:\/\/accelerando.media\/?s={search_term_string}"},"query-input":"required name=search_term_string"}],"inLanguage":"fr-CA"}]}},"_links":{"self":[{"href":"https:\/\/accelerando.media\/fr\/wp-json\/wp\/v2\/pages\/980","targetHints":{"allow":["GET"]}}],"collection":[{"href":"https:\/\/accelerando.media\/fr\/wp-json\/wp\/v2\/pages"}],"about":[{"href":"https:\/\/accelerando.media\/fr\/wp-json\/wp\/v2\/types\/page"}],"author":[{"embeddable":true,"href":"https:\/\/accelerando.media\/fr\/wp-json\/wp\/v2\/users\/1"}],"replies":[{"embeddable":true,"href":"https:\/\/accelerando.media\/fr\/wp-json\/wp\/v2\/comments?post=980"}],"version-history":[{"count":2,"href":"https:\/\/accelerando.media\/fr\/wp-json\/wp\/v2\/pages\/980\/revisions"}],"predecessor-version":[{"id":982,"href":"https:\/\/accelerando.media\/fr\/wp-json\/wp\/v2\/pages\/980\/revisions\/982"}],"up":[{"embeddable":true,"href":"https:\/\/accelerando.media\/fr\/wp-json\/wp\/v2\/pages\/953"}],"wp:attachment":[{"href":"https:\/\/accelerando.media\/fr\/wp-json\/wp\/v2\/media?parent=980"}],"curies":[{"name":"wp","href":"https:\/\/api.w.org\/{rel}","templated":true}]}}