{"id":968,"date":"2024-01-23T09:24:23","date_gmt":"2024-01-23T09:24:23","guid":{"rendered":"https:\/\/accelerando.media\/mediatheque\/rituaels\/"},"modified":"2024-03-20T14:40:37","modified_gmt":"2024-03-20T14:40:37","slug":"rituaels","status":"publish","type":"page","link":"https:\/\/accelerando.media\/fr\/mediatheque\/rituaels\/","title":{"rendered":"Ritu\u00e6ls"},"content":{"rendered":"<p>[et_pb_section fb_built=\u00a0\u00bb1&Prime; _builder_version=\u00a0\u00bb4.23&Prime; _module_preset=\u00a0\u00bbdefault\u00a0\u00bb background_color=\u00a0\u00bb#f3f5fb\u00a0\u00bb locked=\u00a0\u00bboff\u00a0\u00bb collapsed=\u00a0\u00bbon\u00a0\u00bb global_colors_info=\u00a0\u00bb{}\u00a0\u00bb][et_pb_row _builder_version=\u00a0\u00bb4.23&Prime; _module_preset=\u00a0\u00bbdefault\u00a0\u00bb global_colors_info=\u00a0\u00bb{}\u00a0\u00bb][et_pb_column type=\u00a0\u00bb4_4&Prime; _builder_version=\u00a0\u00bb4.23&Prime; _module_preset=\u00a0\u00bbdefault\u00a0\u00bb global_colors_info=\u00a0\u00bb{}\u00a0\u00bb][et_pb_text _builder_version=\u00a0\u00bb4.23&Prime; _module_preset=\u00a0\u00bbdefault\u00a0\u00bb header_font=\u00a0\u00bbInter||||||||\u00a0\u00bb header_text_align=\u00a0\u00bbleft\u00a0\u00bb header_text_color=\u00a0\u00bb#1d83ff\u00a0\u00bb header_font_size=\u00a0\u00bb50px\u00a0\u00bb global_colors_info=\u00a0\u00bb{}\u00a0\u00bb]<\/p>\n<h1>M\u00e9diath\u00e8que<\/h1>\n<p>[\/et_pb_text][et_pb_text _builder_version=\u00a0\u00bb4.23&Prime; _module_preset=\u00a0\u00bbdefault\u00a0\u00bb text_font_size=\u00a0\u00bb18px\u00a0\u00bb text_line_height=\u00a0\u00bb1.6em\u00a0\u00bb global_colors_info=\u00a0\u00bb{}\u00a0\u00bb]<\/p>\n<p><span class=\"wixui-rich-text__text\">accelerando.media<\/span><span>  Il s\u2019agit de mettre de la musique en ligne. Avez-vous d\u00e9j\u00e0 de la musique en ligne que vous aimeriez que les autres voient ? Marie-t-il le film\/vid\u00e9o et la musique d\u2019une mani\u00e8re innovante et artistiquement stimulante ? Est-ce qu\u2019il dure moins de sept minutes&nbsp;? Si c\u2019est le cas, cliquez sur  <\/span><span class=\"wixui-rich-text__text\"><br \/>\n  <a href=\"https:\/\/accelerando.media\/video-submission\/\" class=\"wixui-rich-text__text\">ici<\/a><br \/>\n<\/span><span> pour remplir un formulaire et nous verrons si nous pouvons l\u2019ajouter \u00e0 notre <\/span><span class=\"wixui-rich-text__text\"><br \/>\n  <a href=\"https:\/\/accelerando.media\/fr\/mediatheque\/\" class=\"wixui-rich-text__text\">m\u00e9diath\u00e8que<\/a><br \/>\n<\/span><span>.<\/span><\/p>\n<p>[\/et_pb_text][et_pb_video src=\u00a0\u00bbhttps:\/\/vimeo.com\/498915271&Prime; _builder_version=\u00a0\u00bb4.23&Prime; _module_preset=\u00a0\u00bbdefault\u00a0\u00bb hover_enabled=\u00a0\u00bb0&Prime; global_colors_info=\u00a0\u00bb{}\u00a0\u00bb sticky_enabled=\u00a0\u00bb0&Prime;][\/et_pb_video][\/et_pb_column][\/et_pb_row][et_pb_row use_custom_gutter=\u00a0\u00bbon\u00a0\u00bb gutter_width=\u00a0\u00bb1&Prime; make_equal=\u00a0\u00bbon\u00a0\u00bb _builder_version=\u00a0\u00bb4.23&Prime; _module_preset=\u00a0\u00bbdefault\u00a0\u00bb module_alignment=\u00a0\u00bbcenter\u00a0\u00bb global_colors_info=\u00a0\u00bb{}\u00a0\u00bb][et_pb_column type=\u00a0\u00bb4_4&Prime; _builder_version=\u00a0\u00bb4.23&Prime; _module_preset=\u00a0\u00bbdefault\u00a0\u00bb global_colors_info=\u00a0\u00bb{}\u00a0\u00bb][et_pb_text _builder_version=\u00a0\u00bb4.23&Prime; _module_preset=\u00a0\u00bbdefault\u00a0\u00bb text_font_size=\u00a0\u00bb18px\u00a0\u00bb text_line_height=\u00a0\u00bb1.6em\u00a0\u00bb header_2_text_align=\u00a0\u00bbcenter\u00a0\u00bb header_2_text_color=\u00a0\u00bb#1d83ff\u00a0\u00bb hover_enabled=\u00a0\u00bb0&Prime; global_colors_info=\u00a0\u00bb{}\u00a0\u00bb sticky_enabled=\u00a0\u00bb0&Prime;]<strong>Ritu\u00e6ls<\/p>\n<p><\/strong>[\/et_pb_text][et_pb_text _builder_version=\u00a0\u00bb4.23&Prime; _module_preset=\u00a0\u00bbdefault\u00a0\u00bb text_font_size=\u00a0\u00bb18px\u00a0\u00bb text_line_height=\u00a0\u00bb1.6em\u00a0\u00bb header_2_text_align=\u00a0\u00bbcenter\u00a0\u00bb header_2_text_color=\u00a0\u00bb#1d83ff\u00a0\u00bb hover_enabled=\u00a0\u00bb0&Prime; global_colors_info=\u00a0\u00bb{}\u00a0\u00bb sticky_enabled=\u00a0\u00bb0&Prime;]<\/p>\n<p>collectif9<\/p>\n<p>Ritu\u00e6ls offre lentement et m\u00e9ticuleusement des moments de beaut\u00e9 et de calme pendant une p\u00e9riode de turbulences mentales et \u00e9motionnelles. Ritu\u00e6ls est une exp\u00e9rience artistique mystique confrontant l\u2019infiniment grand \u00e0 l\u2019infiniment petit, le cosmique au microscopique, interrogeant d\u00e9licatement notre place dans l\u2019univers et par rapport \u00e0 notre environnement. La performance de la charismatique danseuse Stacey D\u00e9silier nous accompagne tout au long du concert comme une pr\u00e9sence supr\u00eame, compl\u00e9tant cette imagerie.<br \/>&#8212;<br \/>Ritu\u00e6ls offre un moment de recueillement et d\u2019apaisement alors que notre sant\u00e9 mentale et \u00e9motionnelle est mise \u00e0 l\u2019\u00e9preuve. Ritu\u00e6ls est une exp\u00e9rience artistique mystique qui confronte l\u2019infiniment grand \u00e0 l\u2019infiniment petit, le cosmique au microscopique et qui pose d\u00e9licatement la question de notre place dans l\u2019univers, et par rapport \u00e0 notre environnement. \u00c0 cette imagerie, s\u2019ajoute la performance de la danseuse charismatique Stacey D\u00e9silier qui nous accompagne \u00e0 travers le concert telle une pr\u00e9sence supr\u00eame.<\/p>\n<p>[\/et_pb_text][\/et_pb_column][\/et_pb_row][\/et_pb_section]<\/p>\n","protected":false},"excerpt":{"rendered":"<p>M\u00e9diath\u00e8queaccelerando.media Il s\u2019agit de mettre de la musique en ligne. Avez-vous d\u00e9j\u00e0 de la musique en ligne que vous aimeriez que les autres voient ? Marie-t-il le film\/vid\u00e9o et la musique d\u2019une mani\u00e8re innovante et artistiquement stimulante ? Est-ce qu\u2019il dure moins de sept minutes&nbsp;? Si c\u2019est le cas, cliquez sur ici pour remplir un [&hellip;]<\/p>\n","protected":false},"author":1,"featured_media":0,"parent":953,"menu_order":0,"comment_status":"closed","ping_status":"closed","template":"","meta":{"_et_pb_use_builder":"on","_et_pb_old_content":"","_et_gb_content_width":"","footnotes":""},"class_list":["post-968","page","type-page","status-publish","hentry"],"yoast_head":"<!-- This site is optimized with the Yoast SEO plugin v22.4 - https:\/\/yoast.com\/wordpress\/plugins\/seo\/ -->\n<title>Ritu\u00e6ls - Accelerando Media<\/title>\n<meta name=\"robots\" content=\"index, follow, max-snippet:-1, max-image-preview:large, max-video-preview:-1\" \/>\n<link rel=\"canonical\" href=\"https:\/\/accelerando.media\/fr\/mediatheque\/rituaels\/\" \/>\n<meta property=\"og:locale\" content=\"fr_CA\" \/>\n<meta property=\"og:type\" content=\"article\" \/>\n<meta property=\"og:title\" content=\"Ritu\u00e6ls - Accelerando Media\" \/>\n<meta property=\"og:url\" content=\"https:\/\/accelerando.media\/fr\/mediatheque\/rituaels\/\" \/>\n<meta property=\"og:site_name\" content=\"Accelerando Media\" \/>\n<meta property=\"article:modified_time\" content=\"2024-03-20T14:40:37+00:00\" \/>\n<meta name=\"twitter:card\" content=\"summary_large_image\" \/>\n<meta name=\"twitter:label1\" content=\"Estimation du temps de lecture\" \/>\n\t<meta name=\"twitter:data1\" content=\"2 minutes\" \/>\n<script type=\"application\/ld+json\" class=\"yoast-schema-graph\">{\"@context\":\"https:\/\/schema.org\",\"@graph\":[{\"@type\":\"WebPage\",\"@id\":\"https:\/\/accelerando.media\/fr\/mediatheque\/rituaels\/\",\"url\":\"https:\/\/accelerando.media\/fr\/mediatheque\/rituaels\/\",\"name\":\"Ritu\u00e6ls - Accelerando Media\",\"isPartOf\":{\"@id\":\"https:\/\/accelerando.media\/#website\"},\"datePublished\":\"2024-01-23T09:24:23+00:00\",\"dateModified\":\"2024-03-20T14:40:37+00:00\",\"breadcrumb\":{\"@id\":\"https:\/\/accelerando.media\/fr\/mediatheque\/rituaels\/#breadcrumb\"},\"inLanguage\":\"fr-CA\",\"potentialAction\":[{\"@type\":\"ReadAction\",\"target\":[\"https:\/\/accelerando.media\/fr\/mediatheque\/rituaels\/\"]}]},{\"@type\":\"BreadcrumbList\",\"@id\":\"https:\/\/accelerando.media\/fr\/mediatheque\/rituaels\/#breadcrumb\",\"itemListElement\":[{\"@type\":\"ListItem\",\"position\":1,\"name\":\"Home\",\"item\":\"https:\/\/accelerando.media\/fr\/\"},{\"@type\":\"ListItem\",\"position\":2,\"name\":\"M\u00e9diath\u00e8que\",\"item\":\"https:\/\/accelerando.media\/fr\/mediatheque\/\"},{\"@type\":\"ListItem\",\"position\":3,\"name\":\"Ritu\u00e6ls\"}]},{\"@type\":\"WebSite\",\"@id\":\"https:\/\/accelerando.media\/#website\",\"url\":\"https:\/\/accelerando.media\/\",\"name\":\"Accelerando Media\",\"description\":\"\",\"potentialAction\":[{\"@type\":\"SearchAction\",\"target\":{\"@type\":\"EntryPoint\",\"urlTemplate\":\"https:\/\/accelerando.media\/?s={search_term_string}\"},\"query-input\":\"required name=search_term_string\"}],\"inLanguage\":\"fr-CA\"}]}<\/script>\n<!-- \/ Yoast SEO plugin. -->","yoast_head_json":{"title":"Ritu\u00e6ls - Accelerando Media","robots":{"index":"index","follow":"follow","max-snippet":"max-snippet:-1","max-image-preview":"max-image-preview:large","max-video-preview":"max-video-preview:-1"},"canonical":"https:\/\/accelerando.media\/fr\/mediatheque\/rituaels\/","og_locale":"fr_CA","og_type":"article","og_title":"Ritu\u00e6ls - Accelerando Media","og_url":"https:\/\/accelerando.media\/fr\/mediatheque\/rituaels\/","og_site_name":"Accelerando Media","article_modified_time":"2024-03-20T14:40:37+00:00","twitter_card":"summary_large_image","twitter_misc":{"Estimation du temps de lecture":"2 minutes"},"schema":{"@context":"https:\/\/schema.org","@graph":[{"@type":"WebPage","@id":"https:\/\/accelerando.media\/fr\/mediatheque\/rituaels\/","url":"https:\/\/accelerando.media\/fr\/mediatheque\/rituaels\/","name":"Ritu\u00e6ls - Accelerando Media","isPartOf":{"@id":"https:\/\/accelerando.media\/#website"},"datePublished":"2024-01-23T09:24:23+00:00","dateModified":"2024-03-20T14:40:37+00:00","breadcrumb":{"@id":"https:\/\/accelerando.media\/fr\/mediatheque\/rituaels\/#breadcrumb"},"inLanguage":"fr-CA","potentialAction":[{"@type":"ReadAction","target":["https:\/\/accelerando.media\/fr\/mediatheque\/rituaels\/"]}]},{"@type":"BreadcrumbList","@id":"https:\/\/accelerando.media\/fr\/mediatheque\/rituaels\/#breadcrumb","itemListElement":[{"@type":"ListItem","position":1,"name":"Home","item":"https:\/\/accelerando.media\/fr\/"},{"@type":"ListItem","position":2,"name":"M\u00e9diath\u00e8que","item":"https:\/\/accelerando.media\/fr\/mediatheque\/"},{"@type":"ListItem","position":3,"name":"Ritu\u00e6ls"}]},{"@type":"WebSite","@id":"https:\/\/accelerando.media\/#website","url":"https:\/\/accelerando.media\/","name":"Accelerando Media","description":"","potentialAction":[{"@type":"SearchAction","target":{"@type":"EntryPoint","urlTemplate":"https:\/\/accelerando.media\/?s={search_term_string}"},"query-input":"required name=search_term_string"}],"inLanguage":"fr-CA"}]}},"_links":{"self":[{"href":"https:\/\/accelerando.media\/fr\/wp-json\/wp\/v2\/pages\/968","targetHints":{"allow":["GET"]}}],"collection":[{"href":"https:\/\/accelerando.media\/fr\/wp-json\/wp\/v2\/pages"}],"about":[{"href":"https:\/\/accelerando.media\/fr\/wp-json\/wp\/v2\/types\/page"}],"author":[{"embeddable":true,"href":"https:\/\/accelerando.media\/fr\/wp-json\/wp\/v2\/users\/1"}],"replies":[{"embeddable":true,"href":"https:\/\/accelerando.media\/fr\/wp-json\/wp\/v2\/comments?post=968"}],"version-history":[{"count":2,"href":"https:\/\/accelerando.media\/fr\/wp-json\/wp\/v2\/pages\/968\/revisions"}],"predecessor-version":[{"id":970,"href":"https:\/\/accelerando.media\/fr\/wp-json\/wp\/v2\/pages\/968\/revisions\/970"}],"up":[{"embeddable":true,"href":"https:\/\/accelerando.media\/fr\/wp-json\/wp\/v2\/pages\/953"}],"wp:attachment":[{"href":"https:\/\/accelerando.media\/fr\/wp-json\/wp\/v2\/media?parent=968"}],"curies":[{"name":"wp","href":"https:\/\/api.w.org\/{rel}","templated":true}]}}