{"id":962,"date":"2024-01-23T09:14:37","date_gmt":"2024-01-23T09:14:37","guid":{"rendered":"https:\/\/accelerando.media\/mediatheque\/jean-philippe-rameau-la-poule\/"},"modified":"2024-03-20T14:40:08","modified_gmt":"2024-03-20T14:40:08","slug":"jean-philippe-rameau-la-poule","status":"publish","type":"page","link":"https:\/\/accelerando.media\/fr\/mediatheque\/jean-philippe-rameau-la-poule\/","title":{"rendered":"Jean-Philippe Rameau : La Poule"},"content":{"rendered":"<p>[et_pb_section fb_built=\u00a0\u00bb1&Prime; _builder_version=\u00a0\u00bb4.23&Prime; _module_preset=\u00a0\u00bbdefault\u00a0\u00bb background_color=\u00a0\u00bb#f3f5fb\u00a0\u00bb locked=\u00a0\u00bboff\u00a0\u00bb collapsed=\u00a0\u00bbon\u00a0\u00bb global_colors_info=\u00a0\u00bb{}\u00a0\u00bb][et_pb_row _builder_version=\u00a0\u00bb4.23&Prime; _module_preset=\u00a0\u00bbdefault\u00a0\u00bb global_colors_info=\u00a0\u00bb{}\u00a0\u00bb][et_pb_column type=\u00a0\u00bb4_4&Prime; _builder_version=\u00a0\u00bb4.23&Prime; _module_preset=\u00a0\u00bbdefault\u00a0\u00bb global_colors_info=\u00a0\u00bb{}\u00a0\u00bb][et_pb_text _builder_version=\u00a0\u00bb4.23&Prime; _module_preset=\u00a0\u00bbdefault\u00a0\u00bb header_font=\u00a0\u00bbInter||||||||\u00a0\u00bb header_text_align=\u00a0\u00bbleft\u00a0\u00bb header_text_color=\u00a0\u00bb#1d83ff\u00a0\u00bb header_font_size=\u00a0\u00bb50px\u00a0\u00bb global_colors_info=\u00a0\u00bb{}\u00a0\u00bb]<\/p>\n<h1>M\u00e9diath\u00e8que<\/h1>\n<p>[\/et_pb_text][et_pb_text _builder_version=\u00a0\u00bb4.23&Prime; _module_preset=\u00a0\u00bbdefault\u00a0\u00bb text_font_size=\u00a0\u00bb18px\u00a0\u00bb text_line_height=\u00a0\u00bb1.6em\u00a0\u00bb global_colors_info=\u00a0\u00bb{}\u00a0\u00bb]<\/p>\n<p><span class=\"wixui-rich-text__text\">accelerando.media<\/span><span>  Il s\u2019agit de mettre de la musique en ligne. Avez-vous d\u00e9j\u00e0 de la musique en ligne que vous aimeriez que les autres voient ? Marie-t-il le film\/vid\u00e9o et la musique d\u2019une mani\u00e8re innovante et artistiquement stimulante ? Est-ce qu\u2019il dure moins de sept minutes&nbsp;? Si c\u2019est le cas, cliquez sur  <\/span><span class=\"wixui-rich-text__text\"><br \/>\n  <a href=\"https:\/\/accelerando.media\/video-submission\/\" class=\"wixui-rich-text__text\">ici<\/a><br \/>\n<\/span><span> pour remplir un formulaire et nous verrons si nous pouvons l\u2019ajouter \u00e0 notre <\/span><span class=\"wixui-rich-text__text\"><br \/>\n  <a href=\"https:\/\/accelerando.media\/fr\/mediatheque\/\" class=\"wixui-rich-text__text\">m\u00e9diath\u00e8que<\/a><br \/>\n<\/span><span>.<\/span><\/p>\n<p>[\/et_pb_text][et_pb_video src=\u00a0\u00bbhttps:\/\/www.youtube.com\/watch?v=8yiJOImd6k0&Prime; _builder_version=\u00a0\u00bb4.23&Prime; _module_preset=\u00a0\u00bbdefault\u00a0\u00bb hover_enabled=\u00a0\u00bb0&Prime; global_colors_info=\u00a0\u00bb{}\u00a0\u00bb sticky_enabled=\u00a0\u00bb0&Prime;][\/et_pb_video][\/et_pb_column][\/et_pb_row][et_pb_row use_custom_gutter=\u00a0\u00bbon\u00a0\u00bb gutter_width=\u00a0\u00bb1&Prime; make_equal=\u00a0\u00bbon\u00a0\u00bb _builder_version=\u00a0\u00bb4.23&Prime; _module_preset=\u00a0\u00bbdefault\u00a0\u00bb module_alignment=\u00a0\u00bbcenter\u00a0\u00bb global_colors_info=\u00a0\u00bb{}\u00a0\u00bb][et_pb_column type=\u00a0\u00bb4_4&Prime; _builder_version=\u00a0\u00bb4.23&Prime; _module_preset=\u00a0\u00bbdefault\u00a0\u00bb global_colors_info=\u00a0\u00bb{}\u00a0\u00bb][et_pb_text _builder_version=\u00a0\u00bb4.23&Prime; _module_preset=\u00a0\u00bbdefault\u00a0\u00bb text_font_size=\u00a0\u00bb18px\u00a0\u00bb text_line_height=\u00a0\u00bb1.6em\u00a0\u00bb header_2_text_align=\u00a0\u00bbcenter\u00a0\u00bb header_2_text_color=\u00a0\u00bb#1d83ff\u00a0\u00bb hover_enabled=\u00a0\u00bb0&Prime; global_colors_info=\u00a0\u00bb{}\u00a0\u00bb sticky_enabled=\u00a0\u00bb0&Prime;]<strong>Jean-Philippe Rameau : La Poule<br \/>\n<\/strong>[\/et_pb_text][et_pb_text _builder_version=\u00a0\u00bb4.23&Prime; _module_preset=\u00a0\u00bbdefault\u00a0\u00bb text_font_size=\u00a0\u00bb18px\u00a0\u00bb text_line_height=\u00a0\u00bb1.6em\u00a0\u00bb header_2_text_align=\u00a0\u00bbcenter\u00a0\u00bb header_2_text_color=\u00a0\u00bb#1d83ff\u00a0\u00bb hover_enabled=\u00a0\u00bb0&Prime; global_colors_info=\u00a0\u00bb{}\u00a0\u00bb sticky_enabled=\u00a0\u00bb0&Prime;]<\/p>\n<p><em>Hank Knox<\/em><\/p>\n<p>Jean-Philippe Rameau, La Poule, interpr\u00e9t\u00e9e par Hank Knox.<\/p>\n<p>Enregist\u00e9 le 20 novembre 2012 au \/ Enregistr\u00e9 le 20 novembre 2012 au<br \/>Ch\u00e2teau Dufresne, Montr\u00e9al, QC.<\/p>\n<p>Clavecin apr\u00e8s Dulcken, fait par Richard Kingston, 1982 \/<br \/>Clavecin de Richard Kingston, d\u2019apr\u00e8s Dulcken, 1982<\/p>\n<p>Remerciements \/ Thanks to :<br \/>Le Mus\u00e9e du Ch\u00e2teau Dufresne, Montr\u00e9al, QC<br \/>Eoin O\u2019Cathain<\/p>\n<p>Jean-Philippe Rameau (1683-1764) &#8211; La Poule<br \/>(Nouvelles Suites de pi\u00e8ces de clavecin, Paris, 1728)<\/p>\n<p>Productrice d\u00e9l\u00e9gu\u00e9e \/ Delegate producer Barbara Scales, Latitude 45 Arts<br \/>http:\/\/www.latitude45arts.com\u200b<\/p>\n<p>Un film par \/ film by&nbsp;: Randy Cole<\/p>\n<p>[\/et_pb_text][\/et_pb_column][\/et_pb_row][\/et_pb_section]<\/p>\n","protected":false},"excerpt":{"rendered":"<p>M\u00e9diath\u00e8queaccelerando.media Il s\u2019agit de mettre de la musique en ligne. Avez-vous d\u00e9j\u00e0 de la musique en ligne que vous aimeriez que les autres voient ? Marie-t-il le film\/vid\u00e9o et la musique d\u2019une mani\u00e8re innovante et artistiquement stimulante ? Est-ce qu\u2019il dure moins de sept minutes&nbsp;? Si c\u2019est le cas, cliquez sur ici pour remplir un [&hellip;]<\/p>\n","protected":false},"author":1,"featured_media":0,"parent":953,"menu_order":0,"comment_status":"closed","ping_status":"closed","template":"","meta":{"_et_pb_use_builder":"on","_et_pb_old_content":"","_et_gb_content_width":"","footnotes":""},"class_list":["post-962","page","type-page","status-publish","hentry"],"yoast_head":"<!-- This site is optimized with the Yoast SEO plugin v22.4 - https:\/\/yoast.com\/wordpress\/plugins\/seo\/ -->\n<title>Jean-Philippe Rameau : La Poule - Accelerando Media<\/title>\n<meta name=\"robots\" content=\"index, follow, max-snippet:-1, max-image-preview:large, max-video-preview:-1\" \/>\n<link rel=\"canonical\" href=\"https:\/\/accelerando.media\/fr\/mediatheque\/jean-philippe-rameau-la-poule\/\" \/>\n<meta property=\"og:locale\" content=\"fr_CA\" \/>\n<meta property=\"og:type\" content=\"article\" \/>\n<meta property=\"og:title\" content=\"Jean-Philippe Rameau : La Poule - Accelerando Media\" \/>\n<meta property=\"og:url\" content=\"https:\/\/accelerando.media\/fr\/mediatheque\/jean-philippe-rameau-la-poule\/\" \/>\n<meta property=\"og:site_name\" content=\"Accelerando Media\" \/>\n<meta property=\"article:modified_time\" content=\"2024-03-20T14:40:08+00:00\" \/>\n<meta name=\"twitter:card\" content=\"summary_large_image\" \/>\n<meta name=\"twitter:label1\" content=\"Estimation du temps de lecture\" \/>\n\t<meta name=\"twitter:data1\" content=\"2 minutes\" \/>\n<script type=\"application\/ld+json\" class=\"yoast-schema-graph\">{\"@context\":\"https:\/\/schema.org\",\"@graph\":[{\"@type\":\"WebPage\",\"@id\":\"https:\/\/accelerando.media\/fr\/mediatheque\/jean-philippe-rameau-la-poule\/\",\"url\":\"https:\/\/accelerando.media\/fr\/mediatheque\/jean-philippe-rameau-la-poule\/\",\"name\":\"Jean-Philippe Rameau : La Poule - Accelerando Media\",\"isPartOf\":{\"@id\":\"https:\/\/accelerando.media\/#website\"},\"datePublished\":\"2024-01-23T09:14:37+00:00\",\"dateModified\":\"2024-03-20T14:40:08+00:00\",\"breadcrumb\":{\"@id\":\"https:\/\/accelerando.media\/fr\/mediatheque\/jean-philippe-rameau-la-poule\/#breadcrumb\"},\"inLanguage\":\"fr-CA\",\"potentialAction\":[{\"@type\":\"ReadAction\",\"target\":[\"https:\/\/accelerando.media\/fr\/mediatheque\/jean-philippe-rameau-la-poule\/\"]}]},{\"@type\":\"BreadcrumbList\",\"@id\":\"https:\/\/accelerando.media\/fr\/mediatheque\/jean-philippe-rameau-la-poule\/#breadcrumb\",\"itemListElement\":[{\"@type\":\"ListItem\",\"position\":1,\"name\":\"Home\",\"item\":\"https:\/\/accelerando.media\/fr\/\"},{\"@type\":\"ListItem\",\"position\":2,\"name\":\"M\u00e9diath\u00e8que\",\"item\":\"https:\/\/accelerando.media\/fr\/mediatheque\/\"},{\"@type\":\"ListItem\",\"position\":3,\"name\":\"Jean-Philippe Rameau : La Poule\"}]},{\"@type\":\"WebSite\",\"@id\":\"https:\/\/accelerando.media\/#website\",\"url\":\"https:\/\/accelerando.media\/\",\"name\":\"Accelerando Media\",\"description\":\"\",\"potentialAction\":[{\"@type\":\"SearchAction\",\"target\":{\"@type\":\"EntryPoint\",\"urlTemplate\":\"https:\/\/accelerando.media\/?s={search_term_string}\"},\"query-input\":\"required name=search_term_string\"}],\"inLanguage\":\"fr-CA\"}]}<\/script>\n<!-- \/ Yoast SEO plugin. -->","yoast_head_json":{"title":"Jean-Philippe Rameau : La Poule - Accelerando Media","robots":{"index":"index","follow":"follow","max-snippet":"max-snippet:-1","max-image-preview":"max-image-preview:large","max-video-preview":"max-video-preview:-1"},"canonical":"https:\/\/accelerando.media\/fr\/mediatheque\/jean-philippe-rameau-la-poule\/","og_locale":"fr_CA","og_type":"article","og_title":"Jean-Philippe Rameau : La Poule - Accelerando Media","og_url":"https:\/\/accelerando.media\/fr\/mediatheque\/jean-philippe-rameau-la-poule\/","og_site_name":"Accelerando Media","article_modified_time":"2024-03-20T14:40:08+00:00","twitter_card":"summary_large_image","twitter_misc":{"Estimation du temps de lecture":"2 minutes"},"schema":{"@context":"https:\/\/schema.org","@graph":[{"@type":"WebPage","@id":"https:\/\/accelerando.media\/fr\/mediatheque\/jean-philippe-rameau-la-poule\/","url":"https:\/\/accelerando.media\/fr\/mediatheque\/jean-philippe-rameau-la-poule\/","name":"Jean-Philippe Rameau : La Poule - Accelerando Media","isPartOf":{"@id":"https:\/\/accelerando.media\/#website"},"datePublished":"2024-01-23T09:14:37+00:00","dateModified":"2024-03-20T14:40:08+00:00","breadcrumb":{"@id":"https:\/\/accelerando.media\/fr\/mediatheque\/jean-philippe-rameau-la-poule\/#breadcrumb"},"inLanguage":"fr-CA","potentialAction":[{"@type":"ReadAction","target":["https:\/\/accelerando.media\/fr\/mediatheque\/jean-philippe-rameau-la-poule\/"]}]},{"@type":"BreadcrumbList","@id":"https:\/\/accelerando.media\/fr\/mediatheque\/jean-philippe-rameau-la-poule\/#breadcrumb","itemListElement":[{"@type":"ListItem","position":1,"name":"Home","item":"https:\/\/accelerando.media\/fr\/"},{"@type":"ListItem","position":2,"name":"M\u00e9diath\u00e8que","item":"https:\/\/accelerando.media\/fr\/mediatheque\/"},{"@type":"ListItem","position":3,"name":"Jean-Philippe Rameau : La Poule"}]},{"@type":"WebSite","@id":"https:\/\/accelerando.media\/#website","url":"https:\/\/accelerando.media\/","name":"Accelerando Media","description":"","potentialAction":[{"@type":"SearchAction","target":{"@type":"EntryPoint","urlTemplate":"https:\/\/accelerando.media\/?s={search_term_string}"},"query-input":"required name=search_term_string"}],"inLanguage":"fr-CA"}]}},"_links":{"self":[{"href":"https:\/\/accelerando.media\/fr\/wp-json\/wp\/v2\/pages\/962","targetHints":{"allow":["GET"]}}],"collection":[{"href":"https:\/\/accelerando.media\/fr\/wp-json\/wp\/v2\/pages"}],"about":[{"href":"https:\/\/accelerando.media\/fr\/wp-json\/wp\/v2\/types\/page"}],"author":[{"embeddable":true,"href":"https:\/\/accelerando.media\/fr\/wp-json\/wp\/v2\/users\/1"}],"replies":[{"embeddable":true,"href":"https:\/\/accelerando.media\/fr\/wp-json\/wp\/v2\/comments?post=962"}],"version-history":[{"count":2,"href":"https:\/\/accelerando.media\/fr\/wp-json\/wp\/v2\/pages\/962\/revisions"}],"predecessor-version":[{"id":964,"href":"https:\/\/accelerando.media\/fr\/wp-json\/wp\/v2\/pages\/962\/revisions\/964"}],"up":[{"embeddable":true,"href":"https:\/\/accelerando.media\/fr\/wp-json\/wp\/v2\/pages\/953"}],"wp:attachment":[{"href":"https:\/\/accelerando.media\/fr\/wp-json\/wp\/v2\/media?parent=962"}],"curies":[{"name":"wp","href":"https:\/\/api.w.org\/{rel}","templated":true}]}}