{"id":959,"date":"2024-01-23T09:12:07","date_gmt":"2024-01-23T09:12:07","guid":{"rendered":"https:\/\/accelerando.media\/mediatheque\/hasta-siempre\/"},"modified":"2024-03-20T14:39:57","modified_gmt":"2024-03-20T14:39:57","slug":"hasta-siempre","status":"publish","type":"page","link":"https:\/\/accelerando.media\/fr\/mediatheque\/hasta-siempre\/","title":{"rendered":"Hasta siempre"},"content":{"rendered":"<p>[et_pb_section fb_built=\u00a0\u00bb1&Prime; _builder_version=\u00a0\u00bb4.23&Prime; _module_preset=\u00a0\u00bbdefault\u00a0\u00bb background_color=\u00a0\u00bb#f3f5fb\u00a0\u00bb locked=\u00a0\u00bboff\u00a0\u00bb collapsed=\u00a0\u00bbon\u00a0\u00bb global_colors_info=\u00a0\u00bb{}\u00a0\u00bb][et_pb_row _builder_version=\u00a0\u00bb4.23&Prime; _module_preset=\u00a0\u00bbdefault\u00a0\u00bb global_colors_info=\u00a0\u00bb{}\u00a0\u00bb][et_pb_column type=\u00a0\u00bb4_4&Prime; _builder_version=\u00a0\u00bb4.23&Prime; _module_preset=\u00a0\u00bbdefault\u00a0\u00bb global_colors_info=\u00a0\u00bb{}\u00a0\u00bb][et_pb_text _builder_version=\u00a0\u00bb4.23&Prime; _module_preset=\u00a0\u00bbdefault\u00a0\u00bb header_font=\u00a0\u00bbInter||||||||\u00a0\u00bb header_text_align=\u00a0\u00bbleft\u00a0\u00bb header_text_color=\u00a0\u00bb#1d83ff\u00a0\u00bb header_font_size=\u00a0\u00bb50px\u00a0\u00bb global_colors_info=\u00a0\u00bb{}\u00a0\u00bb]<\/p>\n<h1>M\u00e9diath\u00e8que<\/h1>\n<p>[\/et_pb_text][et_pb_text _builder_version=\u00a0\u00bb4.23&Prime; _module_preset=\u00a0\u00bbdefault\u00a0\u00bb text_font_size=\u00a0\u00bb18px\u00a0\u00bb text_line_height=\u00a0\u00bb1.6em\u00a0\u00bb hover_enabled=\u00a0\u00bb0&Prime; global_colors_info=\u00a0\u00bb{}\u00a0\u00bb sticky_enabled=\u00a0\u00bb0&Prime;]<\/p>\n<div id=\"comp-kn7uj72n\" class=\"BaOVQ8 tz5f0K comp-kn7uj72n wixui-rich-text\" data-testid=\"richTextElement\" bis_skin_checked=\"1\">\n<p class=\"font_8 wixui-rich-text__text\"><span class=\"wixui-rich-text__text\">accelerando.media<\/span><span> <\/span>Il s\u2019agit de mettre de la musique en ligne. Avez-vous d\u00e9j\u00e0 de la musique en ligne que vous aimeriez que les autres voient ? Marie-t-il le film\/vid\u00e9o et la musique d\u2019une mani\u00e8re innovante et artistiquement stimulante ? Est-ce qu\u2019il dure moins de sept minutes&nbsp;? Si c\u2019est le cas, cliquez sur<span> <\/span><span class=\"wixui-rich-text__text\"><a href=\"https:\/\/accelerando.media\/video-submission\/\" class=\"wixui-rich-text__text\">ici<\/a><\/span><span> <\/span>pour remplir un formulaire et nous verrons si nous pouvons l\u2019ajouter \u00e0 notre<span> <\/span><span class=\"wixui-rich-text__text\"><br \/>\n  <a href=\"https:\/\/accelerando.media\/fr\/mediatheque\/\" class=\"wixui-rich-text__text\">M\u00e9diath\u00e8que<\/a><br \/>\n<\/span>.<\/p>\n<\/div>\n<div id=\"comp-kn7uj72u\" class=\"VideoPlayer2054936319__root comp-kn7uj72u wixui-video-player\" bis_skin_checked=\"1\"><\/div>\n<p>[\/et_pb_text][et_pb_video src=\u00a0\u00bbhttps:\/\/www.youtube.com\/watch?v=VIBnHThLI4M\u00a0\u00bb _builder_version=\u00a0\u00bb4.23&Prime; _module_preset=\u00a0\u00bbdefault\u00a0\u00bb hover_enabled=\u00a0\u00bb0&Prime; global_colors_info=\u00a0\u00bb{}\u00a0\u00bb sticky_enabled=\u00a0\u00bb0&Prime;][\/et_pb_video][\/et_pb_column][\/et_pb_row][et_pb_row use_custom_gutter=\u00a0\u00bbon\u00a0\u00bb gutter_width=\u00a0\u00bb1&Prime; make_equal=\u00a0\u00bbon\u00a0\u00bb _builder_version=\u00a0\u00bb4.23&Prime; _module_preset=\u00a0\u00bbdefault\u00a0\u00bb module_alignment=\u00a0\u00bbcenter\u00a0\u00bb global_colors_info=\u00a0\u00bb{}\u00a0\u00bb][et_pb_column type=\u00a0\u00bb4_4&Prime; _builder_version=\u00a0\u00bb4.23&Prime; _module_preset=\u00a0\u00bbdefault\u00a0\u00bb global_colors_info=\u00a0\u00bb{}\u00a0\u00bb][et_pb_text _builder_version=\u00a0\u00bb4.23&Prime; _module_preset=\u00a0\u00bbdefault\u00a0\u00bb text_font_size=\u00a0\u00bb18px\u00a0\u00bb text_line_height=\u00a0\u00bb1.6em\u00a0\u00bb header_2_text_align=\u00a0\u00bbcenter\u00a0\u00bb header_2_text_color=\u00a0\u00bb#1d83ff\u00a0\u00bb hover_enabled=\u00a0\u00bb0&Prime; global_colors_info=\u00a0\u00bb{}\u00a0\u00bb sticky_enabled=\u00a0\u00bb0&Prime;]<strong>Hasta Siempre<br \/>\n<\/strong>[\/et_pb_text][et_pb_text _builder_version=\u00a0\u00bb4.23&Prime; _module_preset=\u00a0\u00bbdefault\u00a0\u00bb text_font_size=\u00a0\u00bb18px\u00a0\u00bb text_line_height=\u00a0\u00bb1.6em\u00a0\u00bb header_2_text_align=\u00a0\u00bbcenter\u00a0\u00bb header_2_text_color=\u00a0\u00bb#1d83ff\u00a0\u00bb hover_enabled=\u00a0\u00bb0&Prime; global_colors_info=\u00a0\u00bb{}\u00a0\u00bb sticky_enabled=\u00a0\u00bb0&Prime;]<\/p>\n<p><em>b\u00e2ton et arc<\/em><\/p>\n<p>Cette chanson s\u2019adresse directement au c\u0153ur, honorant un mouvement de libert\u00e9, tout en r\u00eavant d\u2019un avenir meilleur. Dans cet arrangement original, nous nous exposons \u00e0 de nouveaux d\u00e9fis musicaux. On joue, on improvise et on chante ! Dans ce processus de cr\u00e9ation, nous avons voulu garder l\u2019essence brute de la tradition folklorique cubaine, en gardant son groove rythmique et ses belles m\u00e9lodies tout en s\u2019ouvrant \u00e0 de nouvelles sonorit\u00e9s.<\/p>\n<p>[\/et_pb_text][\/et_pb_column][\/et_pb_row][\/et_pb_section]<\/p>\n","protected":false},"excerpt":{"rendered":"<p>M\u00e9diath\u00e8que accelerando.media Il s\u2019agit de mettre de la musique en ligne. Avez-vous d\u00e9j\u00e0 de la musique en ligne que vous aimeriez que les autres voient ? Marie-t-il le film\/vid\u00e9o et la musique d\u2019une mani\u00e8re innovante et artistiquement stimulante ? Est-ce qu\u2019il dure moins de sept minutes&nbsp;? Si c\u2019est le cas, cliquez sur ici pour remplir [&hellip;]<\/p>\n","protected":false},"author":1,"featured_media":0,"parent":953,"menu_order":0,"comment_status":"closed","ping_status":"closed","template":"","meta":{"_et_pb_use_builder":"on","_et_pb_old_content":"","_et_gb_content_width":"","footnotes":""},"class_list":["post-959","page","type-page","status-publish","hentry"],"yoast_head":"<!-- This site is optimized with the Yoast SEO plugin v22.4 - https:\/\/yoast.com\/wordpress\/plugins\/seo\/ -->\n<title>Hasta siempre - Accelerando Media<\/title>\n<meta name=\"robots\" content=\"index, follow, max-snippet:-1, max-image-preview:large, max-video-preview:-1\" \/>\n<link rel=\"canonical\" href=\"https:\/\/accelerando.media\/fr\/mediatheque\/hasta-siempre\/\" \/>\n<meta property=\"og:locale\" content=\"fr_CA\" \/>\n<meta property=\"og:type\" content=\"article\" \/>\n<meta property=\"og:title\" content=\"Hasta siempre - Accelerando Media\" \/>\n<meta property=\"og:url\" content=\"https:\/\/accelerando.media\/fr\/mediatheque\/hasta-siempre\/\" \/>\n<meta property=\"og:site_name\" content=\"Accelerando Media\" \/>\n<meta property=\"article:modified_time\" content=\"2024-03-20T14:39:57+00:00\" \/>\n<meta name=\"twitter:card\" content=\"summary_large_image\" \/>\n<meta name=\"twitter:label1\" content=\"Estimation du temps de lecture\" \/>\n\t<meta name=\"twitter:data1\" content=\"2 minutes\" \/>\n<script type=\"application\/ld+json\" class=\"yoast-schema-graph\">{\"@context\":\"https:\/\/schema.org\",\"@graph\":[{\"@type\":\"WebPage\",\"@id\":\"https:\/\/accelerando.media\/fr\/mediatheque\/hasta-siempre\/\",\"url\":\"https:\/\/accelerando.media\/fr\/mediatheque\/hasta-siempre\/\",\"name\":\"Hasta siempre - Accelerando Media\",\"isPartOf\":{\"@id\":\"https:\/\/accelerando.media\/#website\"},\"datePublished\":\"2024-01-23T09:12:07+00:00\",\"dateModified\":\"2024-03-20T14:39:57+00:00\",\"breadcrumb\":{\"@id\":\"https:\/\/accelerando.media\/fr\/mediatheque\/hasta-siempre\/#breadcrumb\"},\"inLanguage\":\"fr-CA\",\"potentialAction\":[{\"@type\":\"ReadAction\",\"target\":[\"https:\/\/accelerando.media\/fr\/mediatheque\/hasta-siempre\/\"]}]},{\"@type\":\"BreadcrumbList\",\"@id\":\"https:\/\/accelerando.media\/fr\/mediatheque\/hasta-siempre\/#breadcrumb\",\"itemListElement\":[{\"@type\":\"ListItem\",\"position\":1,\"name\":\"Home\",\"item\":\"https:\/\/accelerando.media\/fr\/\"},{\"@type\":\"ListItem\",\"position\":2,\"name\":\"M\u00e9diath\u00e8que\",\"item\":\"https:\/\/accelerando.media\/fr\/mediatheque\/\"},{\"@type\":\"ListItem\",\"position\":3,\"name\":\"Hasta siempre\"}]},{\"@type\":\"WebSite\",\"@id\":\"https:\/\/accelerando.media\/#website\",\"url\":\"https:\/\/accelerando.media\/\",\"name\":\"Accelerando Media\",\"description\":\"\",\"potentialAction\":[{\"@type\":\"SearchAction\",\"target\":{\"@type\":\"EntryPoint\",\"urlTemplate\":\"https:\/\/accelerando.media\/?s={search_term_string}\"},\"query-input\":\"required name=search_term_string\"}],\"inLanguage\":\"fr-CA\"}]}<\/script>\n<!-- \/ Yoast SEO plugin. -->","yoast_head_json":{"title":"Hasta siempre - Accelerando Media","robots":{"index":"index","follow":"follow","max-snippet":"max-snippet:-1","max-image-preview":"max-image-preview:large","max-video-preview":"max-video-preview:-1"},"canonical":"https:\/\/accelerando.media\/fr\/mediatheque\/hasta-siempre\/","og_locale":"fr_CA","og_type":"article","og_title":"Hasta siempre - Accelerando Media","og_url":"https:\/\/accelerando.media\/fr\/mediatheque\/hasta-siempre\/","og_site_name":"Accelerando Media","article_modified_time":"2024-03-20T14:39:57+00:00","twitter_card":"summary_large_image","twitter_misc":{"Estimation du temps de lecture":"2 minutes"},"schema":{"@context":"https:\/\/schema.org","@graph":[{"@type":"WebPage","@id":"https:\/\/accelerando.media\/fr\/mediatheque\/hasta-siempre\/","url":"https:\/\/accelerando.media\/fr\/mediatheque\/hasta-siempre\/","name":"Hasta siempre - Accelerando Media","isPartOf":{"@id":"https:\/\/accelerando.media\/#website"},"datePublished":"2024-01-23T09:12:07+00:00","dateModified":"2024-03-20T14:39:57+00:00","breadcrumb":{"@id":"https:\/\/accelerando.media\/fr\/mediatheque\/hasta-siempre\/#breadcrumb"},"inLanguage":"fr-CA","potentialAction":[{"@type":"ReadAction","target":["https:\/\/accelerando.media\/fr\/mediatheque\/hasta-siempre\/"]}]},{"@type":"BreadcrumbList","@id":"https:\/\/accelerando.media\/fr\/mediatheque\/hasta-siempre\/#breadcrumb","itemListElement":[{"@type":"ListItem","position":1,"name":"Home","item":"https:\/\/accelerando.media\/fr\/"},{"@type":"ListItem","position":2,"name":"M\u00e9diath\u00e8que","item":"https:\/\/accelerando.media\/fr\/mediatheque\/"},{"@type":"ListItem","position":3,"name":"Hasta siempre"}]},{"@type":"WebSite","@id":"https:\/\/accelerando.media\/#website","url":"https:\/\/accelerando.media\/","name":"Accelerando Media","description":"","potentialAction":[{"@type":"SearchAction","target":{"@type":"EntryPoint","urlTemplate":"https:\/\/accelerando.media\/?s={search_term_string}"},"query-input":"required name=search_term_string"}],"inLanguage":"fr-CA"}]}},"_links":{"self":[{"href":"https:\/\/accelerando.media\/fr\/wp-json\/wp\/v2\/pages\/959","targetHints":{"allow":["GET"]}}],"collection":[{"href":"https:\/\/accelerando.media\/fr\/wp-json\/wp\/v2\/pages"}],"about":[{"href":"https:\/\/accelerando.media\/fr\/wp-json\/wp\/v2\/types\/page"}],"author":[{"embeddable":true,"href":"https:\/\/accelerando.media\/fr\/wp-json\/wp\/v2\/users\/1"}],"replies":[{"embeddable":true,"href":"https:\/\/accelerando.media\/fr\/wp-json\/wp\/v2\/comments?post=959"}],"version-history":[{"count":2,"href":"https:\/\/accelerando.media\/fr\/wp-json\/wp\/v2\/pages\/959\/revisions"}],"predecessor-version":[{"id":961,"href":"https:\/\/accelerando.media\/fr\/wp-json\/wp\/v2\/pages\/959\/revisions\/961"}],"up":[{"embeddable":true,"href":"https:\/\/accelerando.media\/fr\/wp-json\/wp\/v2\/pages\/953"}],"wp:attachment":[{"href":"https:\/\/accelerando.media\/fr\/wp-json\/wp\/v2\/media?parent=959"}],"curies":[{"name":"wp","href":"https:\/\/api.w.org\/{rel}","templated":true}]}}