{"id":923,"date":"2023-12-18T11:07:31","date_gmt":"2023-12-18T11:07:31","guid":{"rendered":"https:\/\/accelerando.media\/capsules\/que-dois-je-faire-pour-que-ma-musique-soit-diffusee-dans-des-films-des-jeux-video-a-la-television\/"},"modified":"2024-03-25T23:17:59","modified_gmt":"2024-03-25T23:17:59","slug":"que-dois-je-faire-pour-que-ma-musique-soit-diffusee-dans-des-films-des-jeux-video-a-la-television","status":"publish","type":"page","link":"https:\/\/accelerando.media\/fr\/capsules\/que-dois-je-faire-pour-que-ma-musique-soit-diffusee-dans-des-films-des-jeux-video-a-la-television\/","title":{"rendered":"Que dois-je faire pour que ma musique soit diffus\u00e9e dans des films, des jeux vid\u00e9o, \u00e0 la t\u00e9l\u00e9vision ?"},"content":{"rendered":"<p>[et_pb_section fb_built=\u00a0\u00bb1&Prime; _builder_version=\u00a0\u00bb4.23&Prime; _module_preset=\u00a0\u00bbdefault\u00a0\u00bb background_color=\u00a0\u00bb#f3f5fb\u00a0\u00bb locked=\u00a0\u00bboff\u00a0\u00bb collapsed=\u00a0\u00bbon\u00a0\u00bb global_colors_info=\u00a0\u00bb{}\u00a0\u00bb][et_pb_row _builder_version=\u00a0\u00bb4.23&Prime; _module_preset=\u00a0\u00bbdefault\u00a0\u00bb global_colors_info=\u00a0\u00bb{}\u00a0\u00bb][et_pb_column type=\u00a0\u00bb4_4&Prime; _builder_version=\u00a0\u00bb4.23&Prime; _module_preset=\u00a0\u00bbdefault\u00a0\u00bb global_colors_info=\u00a0\u00bb{}\u00a0\u00bb][et_pb_text _builder_version=\u00a0\u00bb4.23&Prime; _module_preset=\u00a0\u00bbdefault\u00a0\u00bb header_font=\u00a0\u00bbInter||||||||\u00a0\u00bb header_text_align=\u00a0\u00bbleft\u00a0\u00bb header_text_color=\u00a0\u00bb#1d83ff\u00a0\u00bb header_font_size=\u00a0\u00bb50px\u00a0\u00bb global_colors_info=\u00a0\u00bb{}\u00a0\u00bb]<\/p>\n<h1>Que dois-je faire pour que ma musique soit diffus\u00e9e dans des films, des jeux vid\u00e9o, de la t\u00e9l\u00e9vision&#8230; ?<\/h1>\n<p>[\/et_pb_text][et_pb_video src=\u00a0\u00bbhttps:\/\/www.youtube.com\/watch?v=jCwmLsbsGYI\u00a0\u00bb _builder_version=\u00a0\u00bb4.23&Prime; _module_preset=\u00a0\u00bbdefault\u00a0\u00bb global_colors_info=\u00a0\u00bb{}\u00a0\u00bb][\/et_pb_video][et_pb_text _builder_version=\u00a0\u00bb4.23&Prime; _module_preset=\u00a0\u00bbdefault\u00a0\u00bb text_font_size=\u00a0\u00bb18px\u00a0\u00bb text_line_height=\u00a0\u00bb1.6em\u00a0\u00bb global_colors_info=\u00a0\u00bb{}\u00a0\u00bb]Ces informations vous ont-elles \u00e9t\u00e9 utiles ? Nous serions ravis d\u2019avoir vos commentaires. Cliquez ici pour nous dire ce que vous en avez pens\u00e9. [\/et_pb_text][et_pb_button button_url=\u00a0\u00bbhttps:\/\/accelerando.media\/fr\/capsules\/\u00a0\u00bb button_text=\u00a0\u00bbVoir une autre capsule\u00a0\u00bb _builder_version=\u00a0\u00bb4.24.2&Prime; _module_preset=\u00a0\u00bbdefault\u00a0\u00bb custom_button=\u00a0\u00bbon\u00a0\u00bb button_text_size=\u00a0\u00bb16px\u00a0\u00bb button_text_color=\u00a0\u00bb#FFFFFF\u00a0\u00bb button_bg_color=\u00a0\u00bb#1d83ff\u00a0\u00bb custom_padding=\u00a0\u00bb10px|25px|10px|25px|true|true\u00a0\u00bb hover_enabled=\u00a0\u00bb0&Prime; global_colors_info=\u00a0\u00bb{}\u00a0\u00bb sticky_enabled=\u00a0\u00bb0&Prime;][\/et_pb_button][\/et_pb_column][\/et_pb_row][et_pb_row column_structure=\u00a0\u00bb1_4,3_4&Prime; use_custom_gutter=\u00a0\u00bbon\u00a0\u00bb gutter_width=\u00a0\u00bb1&Prime; make_equal=\u00a0\u00bbon\u00a0\u00bb _builder_version=\u00a0\u00bb4.23&Prime; _module_preset=\u00a0\u00bbdefault\u00a0\u00bb module_alignment=\u00a0\u00bbcenter\u00a0\u00bb global_colors_info=\u00a0\u00bb{}\u00a0\u00bb][et_pb_column type=\u00a0\u00bb1_4&Prime; _builder_version=\u00a0\u00bb4.23&Prime; _module_preset=\u00a0\u00bbdefault\u00a0\u00bb global_colors_info=\u00a0\u00bb{}\u00a0\u00bb][et_pb_image src=\u00a0\u00bbhttps:\/\/accelerando.media\/wp-content\/uploads\/2023\/12\/11-6.webp\u00a0\u00bb title_text=\u00a0\u00bb11 (6)\u00a0\u00bb _builder_version=\u00a0\u00bb4.23&Prime; _module_preset=\u00a0\u00bbdefault\u00a0\u00bb global_colors_info=\u00a0\u00bb{}\u00a0\u00bb][\/et_pb_image][\/et_pb_column][et_pb_column type=\u00a0\u00bb3_4&Prime; _builder_version=\u00a0\u00bb4.23&Prime; _module_preset=\u00a0\u00bbdefault\u00a0\u00bb global_colors_info=\u00a0\u00bb{}\u00a0\u00bb][et_pb_text _builder_version=\u00a0\u00bb4.23&Prime; _module_preset=\u00a0\u00bbdefault\u00a0\u00bb text_font_size=\u00a0\u00bb18px\u00a0\u00bb text_line_height=\u00a0\u00bb1.6em\u00a0\u00bb header_2_text_align=\u00a0\u00bbcenter\u00a0\u00bb header_2_text_color=\u00a0\u00bb#1d83ff\u00a0\u00bb global_colors_info=\u00a0\u00bb{}\u00a0\u00bb]<strong>Victoria Novak<\/strong>[\/et_pb_text][et_pb_text _builder_version=\u00a0\u00bb4.23&Prime; _module_preset=\u00a0\u00bbdefault\u00a0\u00bb text_font_size=\u00a0\u00bb18px\u00a0\u00bb text_line_height=\u00a0\u00bb1.6em\u00a0\u00bb header_2_text_align=\u00a0\u00bbcenter\u00a0\u00bb header_2_text_color=\u00a0\u00bb#1d83ff\u00a0\u00bb global_colors_info=\u00a0\u00bb{}\u00a0\u00bb]<\/p>\n<p><em>Avocate, Taylor Oballa Murray Leyland S.E.N.C.R.L., s.r.l.<\/em><\/p>\n<p><a href=\"https:\/\/tomllawyers.com\/\" target=\"_blank\" rel=\"noopener\">https:\/\/tomllawyers.com\/<\/a><\/p>\n<p><span>Victoria Novak est avocate chez Taylor Oballa Murray Leyland LLP. Sa pratique se concentre sur tous les aspects de l\u2019industrie du cin\u00e9ma et de la t\u00e9l\u00e9vision, ainsi que sur la musique, les nouveaux m\u00e9dias et d\u2019autres industries artistiques.<\/span><\/p>\n<p><span>Victoria agit pour une grande vari\u00e9t\u00e9 de clients, y compris des producteurs de films, de t\u00e9l\u00e9vision et de nouveaux m\u00e9dias, des musiciens, des photographes, des danseurs et des titulaires de marques de commerce et de droits d\u2019auteur. En plus d\u2019une vaste exp\u00e9rience dans la r\u00e9daction et la n\u00e9gociation de contrats de licence, de cessions de droits et d\u2019avis de violation du droit d\u2019auteur, Victoria travaille \u00e9galement dans de nombreux autres domaines li\u00e9s \u00e0 la propri\u00e9t\u00e9 intellectuelle.<\/span><\/p>\n<p><span>Dipl\u00f4m\u00e9e de la Schulich School of Law de l\u2019Universit\u00e9 Dalhousie, Victoria a \u00e9galement obtenu des dipl\u00f4mes de premier cycle en musique et en sciences politiques de l\u2019Universit\u00e9 McGill. Victoria a particip\u00e9 \u00e0 de nombreux panels lors de conf\u00e9rences sur la musique, le cin\u00e9ma et les nouveaux m\u00e9dias, et a dirig\u00e9 plusieurs s\u00e9minaires sur les tenants et aboutissants du droit du divertissement. Victoria est actuellement pr\u00e9sidente du conseil d\u2019administration d\u2019Opera 5, une compagnie d\u2019op\u00e9ra ind\u00e9pendante bas\u00e9e \u00e0 Toronto.<\/span><\/p>\n<p>[\/et_pb_text][\/et_pb_column][\/et_pb_row][et_pb_row _builder_version=\u00a0\u00bb4.23&Prime; _module_preset=\u00a0\u00bbdefault\u00a0\u00bb locked=\u00a0\u00bboff\u00a0\u00bb global_colors_info=\u00a0\u00bb{}\u00a0\u00bb][et_pb_column type=\u00a0\u00bb4_4&Prime; _builder_version=\u00a0\u00bb4.23&Prime; _module_preset=\u00a0\u00bbdefault\u00a0\u00bb global_colors_info=\u00a0\u00bb{}\u00a0\u00bb][et_pb_text _builder_version=\u00a0\u00bb4.23&Prime; _module_preset=\u00a0\u00bbdefault\u00a0\u00bb text_font_size=\u00a0\u00bb18px\u00a0\u00bb text_line_height=\u00a0\u00bb1.6em\u00a0\u00bb header_2_text_align=\u00a0\u00bbleft\u00a0\u00bb header_2_text_color=\u00a0\u00bb#1d83ff\u00a0\u00bb global_colors_info=\u00a0\u00bb{}\u00a0\u00bb]<\/p>\n<h2>Cr\u00e9dits<\/h2>\n<p>[\/et_pb_text][et_pb_text _builder_version=\u00a0\u00bb4.23&Prime; _module_preset=\u00a0\u00bbdefault\u00a0\u00bb text_font_size=\u00a0\u00bb18px\u00a0\u00bb text_line_height=\u00a0\u00bb1.6em\u00a0\u00bb header_2_text_align=\u00a0\u00bbcenter\u00a0\u00bb header_2_text_color=\u00a0\u00bb#1d83ff\u00a0\u00bb global_colors_info=\u00a0\u00bb{}\u00a0\u00bb]<strong>Dami\u00e1n Siqueiros,<\/strong> Productrice cr\u00e9ative, studio Terra Sapiens <a href=\"http:\/\/damiansiqueiros.com\" target=\"_blank\" rel=\"noopener\">damiansiqueiros.com<\/a><\/p>\n<p><strong>Juan David Padilla Vega,<\/strong> Directeur de la photographie <a href=\"http:\/\/youtube.com\/c\/urniatorstudio\" target=\"_blank\" rel=\"noopener\">youtube.com\/c\/urniatorstudio<\/a><\/p>\n<p><strong>Camilo Chitiva,<\/strong> Directeur de <a href=\"http:\/\/makka.ca\" target=\"_blank\" rel=\"noopener\">la photographie makka.ca<\/a><\/p>\n<p><strong>Helena Vall\u00e8s Escola,<\/strong> Sc\u00e9nario et <a href=\"http:\/\/helenavalles.com\" target=\"_blank\" rel=\"noopener\">recherche helenavalles.com<\/a><\/p>\n<p><strong>Liliana Ortiz Casas,<\/strong> \u00c9diteur vid\u00e9o <a href=\"http:\/\/liliortiz.design\" target=\"_blank\" rel=\"noopener\">liliortiz.design<\/a>[\/et_pb_text][\/et_pb_column][\/et_pb_row][\/et_pb_section]<\/p>\n","protected":false},"excerpt":{"rendered":"<p>Que dois-je faire pour que ma musique soit diffus\u00e9e dans des films, des jeux vid\u00e9o, de la t\u00e9l\u00e9vision&#8230; ?Ces informations vous ont-elles \u00e9t\u00e9 utiles ? Nous serions ravis d\u2019avoir vos commentaires. Cliquez ici pour nous dire ce que vous en avez pens\u00e9. Victoria NovakAvocate, Taylor Oballa Murray Leyland S.E.N.C.R.L., s.r.l. https:\/\/tomllawyers.com\/ Victoria Novak est avocate [&hellip;]<\/p>\n","protected":false},"author":1,"featured_media":0,"parent":827,"menu_order":0,"comment_status":"closed","ping_status":"closed","template":"","meta":{"_et_pb_use_builder":"on","_et_pb_old_content":"","_et_gb_content_width":"","footnotes":""},"class_list":["post-923","page","type-page","status-publish","hentry"],"yoast_head":"<!-- This site is optimized with the Yoast SEO plugin v22.4 - https:\/\/yoast.com\/wordpress\/plugins\/seo\/ -->\n<title>Que dois-je faire pour que ma musique soit diffus\u00e9e dans des films, des jeux vid\u00e9o, \u00e0 la t\u00e9l\u00e9vision ? - Accelerando Media<\/title>\n<meta name=\"robots\" content=\"index, follow, max-snippet:-1, max-image-preview:large, max-video-preview:-1\" \/>\n<link rel=\"canonical\" href=\"https:\/\/accelerando.media\/fr\/capsules\/que-dois-je-faire-pour-que-ma-musique-soit-diffusee-dans-des-films-des-jeux-video-a-la-television\/\" \/>\n<meta property=\"og:locale\" content=\"fr_CA\" \/>\n<meta property=\"og:type\" content=\"article\" \/>\n<meta property=\"og:title\" content=\"Que dois-je faire pour que ma musique soit diffus\u00e9e dans des films, des jeux vid\u00e9o, \u00e0 la t\u00e9l\u00e9vision ? - Accelerando Media\" \/>\n<meta property=\"og:url\" content=\"https:\/\/accelerando.media\/fr\/capsules\/que-dois-je-faire-pour-que-ma-musique-soit-diffusee-dans-des-films-des-jeux-video-a-la-television\/\" \/>\n<meta property=\"og:site_name\" content=\"Accelerando Media\" \/>\n<meta property=\"article:modified_time\" content=\"2024-03-25T23:17:59+00:00\" \/>\n<meta name=\"twitter:card\" content=\"summary_large_image\" \/>\n<meta name=\"twitter:label1\" content=\"Estimation du temps de lecture\" \/>\n\t<meta name=\"twitter:data1\" content=\"4 minutes\" \/>\n<script type=\"application\/ld+json\" class=\"yoast-schema-graph\">{\"@context\":\"https:\/\/schema.org\",\"@graph\":[{\"@type\":\"WebPage\",\"@id\":\"https:\/\/accelerando.media\/fr\/capsules\/que-dois-je-faire-pour-que-ma-musique-soit-diffusee-dans-des-films-des-jeux-video-a-la-television\/\",\"url\":\"https:\/\/accelerando.media\/fr\/capsules\/que-dois-je-faire-pour-que-ma-musique-soit-diffusee-dans-des-films-des-jeux-video-a-la-television\/\",\"name\":\"Que dois-je faire pour que ma musique soit diffus\u00e9e dans des films, des jeux vid\u00e9o, \u00e0 la t\u00e9l\u00e9vision ? - Accelerando Media\",\"isPartOf\":{\"@id\":\"https:\/\/accelerando.media\/#website\"},\"datePublished\":\"2023-12-18T11:07:31+00:00\",\"dateModified\":\"2024-03-25T23:17:59+00:00\",\"breadcrumb\":{\"@id\":\"https:\/\/accelerando.media\/fr\/capsules\/que-dois-je-faire-pour-que-ma-musique-soit-diffusee-dans-des-films-des-jeux-video-a-la-television\/#breadcrumb\"},\"inLanguage\":\"fr-CA\",\"potentialAction\":[{\"@type\":\"ReadAction\",\"target\":[\"https:\/\/accelerando.media\/fr\/capsules\/que-dois-je-faire-pour-que-ma-musique-soit-diffusee-dans-des-films-des-jeux-video-a-la-television\/\"]}]},{\"@type\":\"BreadcrumbList\",\"@id\":\"https:\/\/accelerando.media\/fr\/capsules\/que-dois-je-faire-pour-que-ma-musique-soit-diffusee-dans-des-films-des-jeux-video-a-la-television\/#breadcrumb\",\"itemListElement\":[{\"@type\":\"ListItem\",\"position\":1,\"name\":\"Home\",\"item\":\"https:\/\/accelerando.media\/fr\/\"},{\"@type\":\"ListItem\",\"position\":2,\"name\":\"Capsules\",\"item\":\"https:\/\/accelerando.media\/fr\/capsules\/\"},{\"@type\":\"ListItem\",\"position\":3,\"name\":\"Que dois-je faire pour que ma musique soit diffus\u00e9e dans des films, des jeux vid\u00e9o, \u00e0 la t\u00e9l\u00e9vision ?\"}]},{\"@type\":\"WebSite\",\"@id\":\"https:\/\/accelerando.media\/#website\",\"url\":\"https:\/\/accelerando.media\/\",\"name\":\"Accelerando Media\",\"description\":\"\",\"potentialAction\":[{\"@type\":\"SearchAction\",\"target\":{\"@type\":\"EntryPoint\",\"urlTemplate\":\"https:\/\/accelerando.media\/?s={search_term_string}\"},\"query-input\":\"required name=search_term_string\"}],\"inLanguage\":\"fr-CA\"}]}<\/script>\n<!-- \/ Yoast SEO plugin. -->","yoast_head_json":{"title":"Que dois-je faire pour que ma musique soit diffus\u00e9e dans des films, des jeux vid\u00e9o, \u00e0 la t\u00e9l\u00e9vision ? - Accelerando Media","robots":{"index":"index","follow":"follow","max-snippet":"max-snippet:-1","max-image-preview":"max-image-preview:large","max-video-preview":"max-video-preview:-1"},"canonical":"https:\/\/accelerando.media\/fr\/capsules\/que-dois-je-faire-pour-que-ma-musique-soit-diffusee-dans-des-films-des-jeux-video-a-la-television\/","og_locale":"fr_CA","og_type":"article","og_title":"Que dois-je faire pour que ma musique soit diffus\u00e9e dans des films, des jeux vid\u00e9o, \u00e0 la t\u00e9l\u00e9vision ? - Accelerando Media","og_url":"https:\/\/accelerando.media\/fr\/capsules\/que-dois-je-faire-pour-que-ma-musique-soit-diffusee-dans-des-films-des-jeux-video-a-la-television\/","og_site_name":"Accelerando Media","article_modified_time":"2024-03-25T23:17:59+00:00","twitter_card":"summary_large_image","twitter_misc":{"Estimation du temps de lecture":"4 minutes"},"schema":{"@context":"https:\/\/schema.org","@graph":[{"@type":"WebPage","@id":"https:\/\/accelerando.media\/fr\/capsules\/que-dois-je-faire-pour-que-ma-musique-soit-diffusee-dans-des-films-des-jeux-video-a-la-television\/","url":"https:\/\/accelerando.media\/fr\/capsules\/que-dois-je-faire-pour-que-ma-musique-soit-diffusee-dans-des-films-des-jeux-video-a-la-television\/","name":"Que dois-je faire pour que ma musique soit diffus\u00e9e dans des films, des jeux vid\u00e9o, \u00e0 la t\u00e9l\u00e9vision ? - Accelerando Media","isPartOf":{"@id":"https:\/\/accelerando.media\/#website"},"datePublished":"2023-12-18T11:07:31+00:00","dateModified":"2024-03-25T23:17:59+00:00","breadcrumb":{"@id":"https:\/\/accelerando.media\/fr\/capsules\/que-dois-je-faire-pour-que-ma-musique-soit-diffusee-dans-des-films-des-jeux-video-a-la-television\/#breadcrumb"},"inLanguage":"fr-CA","potentialAction":[{"@type":"ReadAction","target":["https:\/\/accelerando.media\/fr\/capsules\/que-dois-je-faire-pour-que-ma-musique-soit-diffusee-dans-des-films-des-jeux-video-a-la-television\/"]}]},{"@type":"BreadcrumbList","@id":"https:\/\/accelerando.media\/fr\/capsules\/que-dois-je-faire-pour-que-ma-musique-soit-diffusee-dans-des-films-des-jeux-video-a-la-television\/#breadcrumb","itemListElement":[{"@type":"ListItem","position":1,"name":"Home","item":"https:\/\/accelerando.media\/fr\/"},{"@type":"ListItem","position":2,"name":"Capsules","item":"https:\/\/accelerando.media\/fr\/capsules\/"},{"@type":"ListItem","position":3,"name":"Que dois-je faire pour que ma musique soit diffus\u00e9e dans des films, des jeux vid\u00e9o, \u00e0 la t\u00e9l\u00e9vision ?"}]},{"@type":"WebSite","@id":"https:\/\/accelerando.media\/#website","url":"https:\/\/accelerando.media\/","name":"Accelerando Media","description":"","potentialAction":[{"@type":"SearchAction","target":{"@type":"EntryPoint","urlTemplate":"https:\/\/accelerando.media\/?s={search_term_string}"},"query-input":"required name=search_term_string"}],"inLanguage":"fr-CA"}]}},"_links":{"self":[{"href":"https:\/\/accelerando.media\/fr\/wp-json\/wp\/v2\/pages\/923","targetHints":{"allow":["GET"]}}],"collection":[{"href":"https:\/\/accelerando.media\/fr\/wp-json\/wp\/v2\/pages"}],"about":[{"href":"https:\/\/accelerando.media\/fr\/wp-json\/wp\/v2\/types\/page"}],"author":[{"embeddable":true,"href":"https:\/\/accelerando.media\/fr\/wp-json\/wp\/v2\/users\/1"}],"replies":[{"embeddable":true,"href":"https:\/\/accelerando.media\/fr\/wp-json\/wp\/v2\/comments?post=923"}],"version-history":[{"count":4,"href":"https:\/\/accelerando.media\/fr\/wp-json\/wp\/v2\/pages\/923\/revisions"}],"predecessor-version":[{"id":1168,"href":"https:\/\/accelerando.media\/fr\/wp-json\/wp\/v2\/pages\/923\/revisions\/1168"}],"up":[{"embeddable":true,"href":"https:\/\/accelerando.media\/fr\/wp-json\/wp\/v2\/pages\/827"}],"wp:attachment":[{"href":"https:\/\/accelerando.media\/fr\/wp-json\/wp\/v2\/media?parent=923"}],"curies":[{"name":"wp","href":"https:\/\/api.w.org\/{rel}","templated":true}]}}