{"id":872,"date":"2023-12-14T15:38:25","date_gmt":"2023-12-14T15:38:25","guid":{"rendered":"https:\/\/accelerando.media\/capsules\/quest-ce-quune-metadonnee\/"},"modified":"2024-03-25T23:21:01","modified_gmt":"2024-03-25T23:21:01","slug":"quest-ce-quune-metadonnee","status":"publish","type":"page","link":"https:\/\/accelerando.media\/fr\/capsules\/quest-ce-quune-metadonnee\/","title":{"rendered":"Qu\u2019est-ce qu\u2019une m\u00e9tadonn\u00e9e ?"},"content":{"rendered":"<p>[et_pb_section fb_built=\u00a0\u00bb1&Prime; _builder_version=\u00a0\u00bb4.23&Prime; _module_preset=\u00a0\u00bbdefault\u00a0\u00bb background_color=\u00a0\u00bb#f3f5fb\u00a0\u00bb locked=\u00a0\u00bboff\u00a0\u00bb collapsed=\u00a0\u00bbon\u00a0\u00bb global_colors_info=\u00a0\u00bb{}\u00a0\u00bb][et_pb_row _builder_version=\u00a0\u00bb4.23&Prime; _module_preset=\u00a0\u00bbdefault\u00a0\u00bb global_colors_info=\u00a0\u00bb{}\u00a0\u00bb][et_pb_column type=\u00a0\u00bb4_4&Prime; _builder_version=\u00a0\u00bb4.23&Prime; _module_preset=\u00a0\u00bbdefault\u00a0\u00bb global_colors_info=\u00a0\u00bb{}\u00a0\u00bb][et_pb_text _builder_version=\u00a0\u00bb4.23&Prime; _module_preset=\u00a0\u00bbdefault\u00a0\u00bb header_font=\u00a0\u00bbInter||||||||\u00a0\u00bb header_text_align=\u00a0\u00bbleft\u00a0\u00bb header_text_color=\u00a0\u00bb#1d83ff\u00a0\u00bb header_font_size=\u00a0\u00bb50px\u00a0\u00bb global_colors_info=\u00a0\u00bb{}\u00a0\u00bb]<\/p>\n<h1>Qu\u2019est-ce qu\u2019une m\u00e9tadonn\u00e9e ?<\/h1>\n<p>[\/et_pb_text][et_pb_video src=\u00a0\u00bbhttps:\/\/www.youtube.com\/watch?v=EDaFlxmBO2Q\u00a0\u00bb _builder_version=\u00a0\u00bb4.23&Prime; _module_preset=\u00a0\u00bbdefault\u00a0\u00bb global_colors_info=\u00a0\u00bb{}\u00a0\u00bb][\/et_pb_video][et_pb_text _builder_version=\u00a0\u00bb4.23&Prime; _module_preset=\u00a0\u00bbdefault\u00a0\u00bb text_font_size=\u00a0\u00bb18px\u00a0\u00bb text_line_height=\u00a0\u00bb1.6em\u00a0\u00bb global_colors_info=\u00a0\u00bb{}\u00a0\u00bb]Ces informations vous ont-elles \u00e9t\u00e9 utiles ? Nous serions ravis d\u2019avoir vos commentaires. Cliquez ici pour nous dire ce que vous en avez pens\u00e9. [\/et_pb_text][et_pb_button button_url=\u00a0\u00bbhttps:\/\/accelerando.media\/fr\/capsules\/\u00a0\u00bb button_text=\u00a0\u00bbVoir une autre capsule\u00a0\u00bb _builder_version=\u00a0\u00bb4.24.2&Prime; _module_preset=\u00a0\u00bbdefault\u00a0\u00bb custom_button=\u00a0\u00bbon\u00a0\u00bb button_text_size=\u00a0\u00bb16px\u00a0\u00bb button_text_color=\u00a0\u00bb#FFFFFF\u00a0\u00bb button_bg_color=\u00a0\u00bb#1d83ff\u00a0\u00bb custom_padding=\u00a0\u00bb10px|25px|10px|25px|true|true\u00a0\u00bb hover_enabled=\u00a0\u00bb0&Prime; global_colors_info=\u00a0\u00bb{}\u00a0\u00bb sticky_enabled=\u00a0\u00bb0&Prime;][\/et_pb_button][\/et_pb_column][\/et_pb_row][et_pb_row column_structure=\u00a0\u00bb1_4,3_4&Prime; use_custom_gutter=\u00a0\u00bbon\u00a0\u00bb gutter_width=\u00a0\u00bb1&Prime; make_equal=\u00a0\u00bbon\u00a0\u00bb _builder_version=\u00a0\u00bb4.23&Prime; _module_preset=\u00a0\u00bbdefault\u00a0\u00bb module_alignment=\u00a0\u00bbcenter\u00a0\u00bb global_colors_info=\u00a0\u00bb{}\u00a0\u00bb][et_pb_column type=\u00a0\u00bb1_4&Prime; _builder_version=\u00a0\u00bb4.23&Prime; _module_preset=\u00a0\u00bbdefault\u00a0\u00bb global_colors_info=\u00a0\u00bb{}\u00a0\u00bb][et_pb_image src=\u00a0\u00bbhttps:\/\/accelerando.media\/wp-content\/uploads\/2023\/12\/11-5.webp\u00a0\u00bb title_text=\u00a0\u00bb11 (5)\u00a0\u00bb _builder_version=\u00a0\u00bb4.23&Prime; _module_preset=\u00a0\u00bbdefault\u00a0\u00bb global_colors_info=\u00a0\u00bb{}\u00a0\u00bb][\/et_pb_image][\/et_pb_column][et_pb_column type=\u00a0\u00bb3_4&Prime; _builder_version=\u00a0\u00bb4.23&Prime; _module_preset=\u00a0\u00bbdefault\u00a0\u00bb global_colors_info=\u00a0\u00bb{}\u00a0\u00bb][et_pb_text _builder_version=\u00a0\u00bb4.23&Prime; _module_preset=\u00a0\u00bbdefault\u00a0\u00bb text_font_size=\u00a0\u00bb18px\u00a0\u00bb text_line_height=\u00a0\u00bb1.6em\u00a0\u00bb header_2_text_align=\u00a0\u00bbcenter\u00a0\u00bb header_2_text_color=\u00a0\u00bb#1d83ff\u00a0\u00bb global_colors_info=\u00a0\u00bb{}\u00a0\u00bb]<strong>Jacynthe Plamondon-\u00c9mond<\/strong>[\/et_pb_text][et_pb_text _builder_version=\u00a0\u00bb4.23&Prime; _module_preset=\u00a0\u00bbdefault\u00a0\u00bb text_font_size=\u00a0\u00bb18px\u00a0\u00bb text_line_height=\u00a0\u00bb1.6em\u00a0\u00bb header_2_text_align=\u00a0\u00bbcenter\u00a0\u00bb header_2_text_color=\u00a0\u00bb#1d83ff\u00a0\u00bb global_colors_info=\u00a0\u00bb{}\u00a0\u00bb]<\/p>\n<p><em>Pr\u00e9sident, InTempo Musique<\/em><\/p>\n<p><a href=\"http:\/\/intempomusique.com\/en\/\" target=\"_blank\" rel=\"noopener\">http:\/\/intempomusique.com\/en\/<\/a><\/p>\n<p>Dipl\u00f4m\u00e9e en \u00e9tudes cin\u00e9matographiques, Jacynthe Plamondon-\u00c9mond a d\u00e9but\u00e9 sa carri\u00e8re dans les vid\u00e9oclips et s\u2019est rapidement orient\u00e9e vers le domaine musical. Elle a travaill\u00e9 avec l\u2019Amati Ensemble et a ensuite travaill\u00e9 pendant 13 ans pour des maisons de disques. Elle est pr\u00e9sidente d\u2019InTempo Musique depuis ao\u00fbt 2016 et travaille comme consultante aupr\u00e8s d\u2019artistes, de compagnies et d\u2019organismes ind\u00e9pendants de l\u2019industrie de la musique (M\u00e9tamusique, minist\u00e8re de la Culture et des Communications, La Vitrine culturelle).<\/p>\n<p>[\/et_pb_text][\/et_pb_column][\/et_pb_row][et_pb_row _builder_version=\u00a0\u00bb4.23&Prime; _module_preset=\u00a0\u00bbdefault\u00a0\u00bb global_colors_info=\u00a0\u00bb{}\u00a0\u00bb][et_pb_column type=\u00a0\u00bb4_4&Prime; _builder_version=\u00a0\u00bb4.23&Prime; _module_preset=\u00a0\u00bbdefault\u00a0\u00bb global_colors_info=\u00a0\u00bb{}\u00a0\u00bb][et_pb_text _builder_version=\u00a0\u00bb4.23&Prime; _module_preset=\u00a0\u00bbdefault\u00a0\u00bb text_font_size=\u00a0\u00bb18px\u00a0\u00bb text_line_height=\u00a0\u00bb1.6em\u00a0\u00bb header_2_text_align=\u00a0\u00bbleft\u00a0\u00bb header_2_text_color=\u00a0\u00bb#1d83ff\u00a0\u00bb global_colors_info=\u00a0\u00bb{}\u00a0\u00bb]<\/p>\n<h2>Sites web mentionn\u00e9s dans la capsule :<\/p>\n<\/h2>\n<p>[\/et_pb_text][et_pb_text _builder_version=\u00a0\u00bb4.23&Prime; _module_preset=\u00a0\u00bbdefault\u00a0\u00bb text_font_size=\u00a0\u00bb18px\u00a0\u00bb text_line_height=\u00a0\u00bb1.6em\u00a0\u00bb ul_text_color=\u00a0\u00bb#0C71C3&Prime; ul_line_height=\u00a0\u00bb1.6em\u00a0\u00bb header_2_text_align=\u00a0\u00bbcenter\u00a0\u00bb header_2_text_color=\u00a0\u00bb#1d83ff\u00a0\u00bb locked=\u00a0\u00bboff\u00a0\u00bb global_colors_info=\u00a0\u00bb{}\u00a0\u00bb]<\/p>\n<ul>\n<li><a href=\"https:\/\/isrc.ifpi.org\/en\/\" target=\"_blank\" rel=\"noopener\">https:\/\/isrc.ifpi.org\/en\/<\/a><\/li>\n<li><a href=\"https:\/\/www.wikidata.org\/wiki\/Wikidata:Main_Page\" target=\"_blank\" rel=\"noopener\">https:\/\/www.wikidata.org\/wiki\/Wikidata:Main_Page<\/a><\/li>\n<li><a href=\"https:\/\/www.spotify.com\/ca-en\/\" target=\"_blank\" rel=\"noopener\">https:\/\/www.spotify.com\/ca-en\/<\/a><\/li>\n<li><a href=\"https:\/\/www.apple.com\/music\/\" target=\"_blank\" rel=\"noopener\">https:\/\/www.apple.com\/music\/<\/a><\/li>\n<li><a href=\"https:\/\/accelerando.media\/fr\/capsules\/quest-ce-quun-code-international-normalise-denregistrement-isrc\/\" target=\"_blank\" rel=\"noopener\">Qu\u2019est-ce qu\u2019un code international normalis\u00e9 d\u2019enregistrement (ISRC) ?<\/a><\/li>\n<li><a href=\"https:\/\/accelerando.media\/fr\/capsules\/dois-je-creer-une-entree-wikidata-org\/\" target=\"_blank\" rel=\"noopener\">Est-ce que je vais cr\u00e9er une entr\u00e9e Wikidata.org ?<\/a><\/li>\n<\/ul>\n<p>[\/et_pb_text][\/et_pb_column][\/et_pb_row][et_pb_row _builder_version=\u00a0\u00bb4.23&Prime; _module_preset=\u00a0\u00bbdefault\u00a0\u00bb global_colors_info=\u00a0\u00bb{}\u00a0\u00bb][et_pb_column type=\u00a0\u00bb4_4&Prime; _builder_version=\u00a0\u00bb4.23&Prime; _module_preset=\u00a0\u00bbdefault\u00a0\u00bb global_colors_info=\u00a0\u00bb{}\u00a0\u00bb][et_pb_text _builder_version=\u00a0\u00bb4.23&Prime; _module_preset=\u00a0\u00bbdefault\u00a0\u00bb text_font_size=\u00a0\u00bb18px\u00a0\u00bb text_line_height=\u00a0\u00bb1.6em\u00a0\u00bb header_2_text_align=\u00a0\u00bbleft\u00a0\u00bb header_2_text_color=\u00a0\u00bb#1d83ff\u00a0\u00bb global_colors_info=\u00a0\u00bb{}\u00a0\u00bb]<\/p>\n<h2>Cr\u00e9dits<\/h2>\n<p>[\/et_pb_text][et_pb_text _builder_version=\u00a0\u00bb4.23&Prime; _module_preset=\u00a0\u00bbdefault\u00a0\u00bb text_font_size=\u00a0\u00bb18px\u00a0\u00bb text_line_height=\u00a0\u00bb1.6em\u00a0\u00bb header_2_text_align=\u00a0\u00bbcenter\u00a0\u00bb header_2_text_color=\u00a0\u00bb#1d83ff\u00a0\u00bb global_colors_info=\u00a0\u00bb{}\u00a0\u00bb]<strong>Dami\u00e1n Siqueiros,<\/strong> Productrice cr\u00e9ative, studio Terra Sapiens <a href=\"http:\/\/damiansiqueiros.com\" target=\"_blank\" rel=\"noopener\">damiansiqueiros.com<\/a><\/p>\n<p><strong>Juan David Padilla Vega,<\/strong> Directeur de la photographie <a href=\"http:\/\/youtube.com\/c\/urniatorstudio\" target=\"_blank\" rel=\"noopener\">youtube.com\/c\/urniatorstudio<\/a><\/p>\n<p><strong>Camilo Chitiva,<\/strong> Directeur de <a href=\"http:\/\/makka.ca\" target=\"_blank\" rel=\"noopener\">la photographie makka.ca<\/a><\/p>\n<p><strong>Helena Vall\u00e8s Escola,<\/strong> Sc\u00e9nario et <a href=\"http:\/\/helenavalles.com\" target=\"_blank\" rel=\"noopener\">recherche helenavalles.com<\/a><\/p>\n<p><strong>Liliana Ortiz Casas,<\/strong> \u00c9diteur vid\u00e9o <a href=\"liliortiz.design\" target=\"_blank\" rel=\"noopener\">liliortiz.design<\/a>[\/et_pb_text][\/et_pb_column][\/et_pb_row][\/et_pb_section]<\/p>\n","protected":false},"excerpt":{"rendered":"<p>Qu\u2019est-ce qu\u2019une m\u00e9tadonn\u00e9e ?Ces informations vous ont-elles \u00e9t\u00e9 utiles ? Nous serions ravis d\u2019avoir vos commentaires. Cliquez ici pour nous dire ce que vous en avez pens\u00e9. Jacynthe Plamondon-\u00c9mondPr\u00e9sident, InTempo Musique http:\/\/intempomusique.com\/en\/ Dipl\u00f4m\u00e9e en \u00e9tudes cin\u00e9matographiques, Jacynthe Plamondon-\u00c9mond a d\u00e9but\u00e9 sa carri\u00e8re dans les vid\u00e9oclips et s\u2019est rapidement orient\u00e9e vers le domaine musical. Elle a [&hellip;]<\/p>\n","protected":false},"author":1,"featured_media":0,"parent":827,"menu_order":0,"comment_status":"closed","ping_status":"closed","template":"","meta":{"_et_pb_use_builder":"on","_et_pb_old_content":"","_et_gb_content_width":"","footnotes":""},"class_list":["post-872","page","type-page","status-publish","hentry"],"yoast_head":"<!-- This site is optimized with the Yoast SEO plugin v22.4 - https:\/\/yoast.com\/wordpress\/plugins\/seo\/ -->\n<title>Qu\u2019est-ce qu\u2019une m\u00e9tadonn\u00e9e ? - Accelerando Media<\/title>\n<meta name=\"robots\" content=\"index, follow, max-snippet:-1, max-image-preview:large, max-video-preview:-1\" \/>\n<link rel=\"canonical\" href=\"https:\/\/accelerando.media\/fr\/capsules\/quest-ce-quune-metadonnee\/\" \/>\n<meta property=\"og:locale\" content=\"fr_CA\" \/>\n<meta property=\"og:type\" content=\"article\" \/>\n<meta property=\"og:title\" content=\"Qu\u2019est-ce qu\u2019une m\u00e9tadonn\u00e9e ? - Accelerando Media\" \/>\n<meta property=\"og:url\" content=\"https:\/\/accelerando.media\/fr\/capsules\/quest-ce-quune-metadonnee\/\" \/>\n<meta property=\"og:site_name\" content=\"Accelerando Media\" \/>\n<meta property=\"article:modified_time\" content=\"2024-03-25T23:21:01+00:00\" \/>\n<meta name=\"twitter:card\" content=\"summary_large_image\" \/>\n<meta name=\"twitter:label1\" content=\"Estimation du temps de lecture\" \/>\n\t<meta name=\"twitter:data1\" content=\"4 minutes\" \/>\n<script type=\"application\/ld+json\" class=\"yoast-schema-graph\">{\"@context\":\"https:\/\/schema.org\",\"@graph\":[{\"@type\":\"WebPage\",\"@id\":\"https:\/\/accelerando.media\/fr\/capsules\/quest-ce-quune-metadonnee\/\",\"url\":\"https:\/\/accelerando.media\/fr\/capsules\/quest-ce-quune-metadonnee\/\",\"name\":\"Qu\u2019est-ce qu\u2019une m\u00e9tadonn\u00e9e ? - Accelerando Media\",\"isPartOf\":{\"@id\":\"https:\/\/accelerando.media\/#website\"},\"datePublished\":\"2023-12-14T15:38:25+00:00\",\"dateModified\":\"2024-03-25T23:21:01+00:00\",\"breadcrumb\":{\"@id\":\"https:\/\/accelerando.media\/fr\/capsules\/quest-ce-quune-metadonnee\/#breadcrumb\"},\"inLanguage\":\"fr-CA\",\"potentialAction\":[{\"@type\":\"ReadAction\",\"target\":[\"https:\/\/accelerando.media\/fr\/capsules\/quest-ce-quune-metadonnee\/\"]}]},{\"@type\":\"BreadcrumbList\",\"@id\":\"https:\/\/accelerando.media\/fr\/capsules\/quest-ce-quune-metadonnee\/#breadcrumb\",\"itemListElement\":[{\"@type\":\"ListItem\",\"position\":1,\"name\":\"Home\",\"item\":\"https:\/\/accelerando.media\/fr\/\"},{\"@type\":\"ListItem\",\"position\":2,\"name\":\"Capsules\",\"item\":\"https:\/\/accelerando.media\/fr\/capsules\/\"},{\"@type\":\"ListItem\",\"position\":3,\"name\":\"Qu\u2019est-ce qu\u2019une m\u00e9tadonn\u00e9e ?\"}]},{\"@type\":\"WebSite\",\"@id\":\"https:\/\/accelerando.media\/#website\",\"url\":\"https:\/\/accelerando.media\/\",\"name\":\"Accelerando Media\",\"description\":\"\",\"potentialAction\":[{\"@type\":\"SearchAction\",\"target\":{\"@type\":\"EntryPoint\",\"urlTemplate\":\"https:\/\/accelerando.media\/?s={search_term_string}\"},\"query-input\":\"required name=search_term_string\"}],\"inLanguage\":\"fr-CA\"}]}<\/script>\n<!-- \/ Yoast SEO plugin. -->","yoast_head_json":{"title":"Qu\u2019est-ce qu\u2019une m\u00e9tadonn\u00e9e ? - Accelerando Media","robots":{"index":"index","follow":"follow","max-snippet":"max-snippet:-1","max-image-preview":"max-image-preview:large","max-video-preview":"max-video-preview:-1"},"canonical":"https:\/\/accelerando.media\/fr\/capsules\/quest-ce-quune-metadonnee\/","og_locale":"fr_CA","og_type":"article","og_title":"Qu\u2019est-ce qu\u2019une m\u00e9tadonn\u00e9e ? - Accelerando Media","og_url":"https:\/\/accelerando.media\/fr\/capsules\/quest-ce-quune-metadonnee\/","og_site_name":"Accelerando Media","article_modified_time":"2024-03-25T23:21:01+00:00","twitter_card":"summary_large_image","twitter_misc":{"Estimation du temps de lecture":"4 minutes"},"schema":{"@context":"https:\/\/schema.org","@graph":[{"@type":"WebPage","@id":"https:\/\/accelerando.media\/fr\/capsules\/quest-ce-quune-metadonnee\/","url":"https:\/\/accelerando.media\/fr\/capsules\/quest-ce-quune-metadonnee\/","name":"Qu\u2019est-ce qu\u2019une m\u00e9tadonn\u00e9e ? - Accelerando Media","isPartOf":{"@id":"https:\/\/accelerando.media\/#website"},"datePublished":"2023-12-14T15:38:25+00:00","dateModified":"2024-03-25T23:21:01+00:00","breadcrumb":{"@id":"https:\/\/accelerando.media\/fr\/capsules\/quest-ce-quune-metadonnee\/#breadcrumb"},"inLanguage":"fr-CA","potentialAction":[{"@type":"ReadAction","target":["https:\/\/accelerando.media\/fr\/capsules\/quest-ce-quune-metadonnee\/"]}]},{"@type":"BreadcrumbList","@id":"https:\/\/accelerando.media\/fr\/capsules\/quest-ce-quune-metadonnee\/#breadcrumb","itemListElement":[{"@type":"ListItem","position":1,"name":"Home","item":"https:\/\/accelerando.media\/fr\/"},{"@type":"ListItem","position":2,"name":"Capsules","item":"https:\/\/accelerando.media\/fr\/capsules\/"},{"@type":"ListItem","position":3,"name":"Qu\u2019est-ce qu\u2019une m\u00e9tadonn\u00e9e ?"}]},{"@type":"WebSite","@id":"https:\/\/accelerando.media\/#website","url":"https:\/\/accelerando.media\/","name":"Accelerando Media","description":"","potentialAction":[{"@type":"SearchAction","target":{"@type":"EntryPoint","urlTemplate":"https:\/\/accelerando.media\/?s={search_term_string}"},"query-input":"required name=search_term_string"}],"inLanguage":"fr-CA"}]}},"_links":{"self":[{"href":"https:\/\/accelerando.media\/fr\/wp-json\/wp\/v2\/pages\/872","targetHints":{"allow":["GET"]}}],"collection":[{"href":"https:\/\/accelerando.media\/fr\/wp-json\/wp\/v2\/pages"}],"about":[{"href":"https:\/\/accelerando.media\/fr\/wp-json\/wp\/v2\/types\/page"}],"author":[{"embeddable":true,"href":"https:\/\/accelerando.media\/fr\/wp-json\/wp\/v2\/users\/1"}],"replies":[{"embeddable":true,"href":"https:\/\/accelerando.media\/fr\/wp-json\/wp\/v2\/comments?post=872"}],"version-history":[{"count":4,"href":"https:\/\/accelerando.media\/fr\/wp-json\/wp\/v2\/pages\/872\/revisions"}],"predecessor-version":[{"id":1206,"href":"https:\/\/accelerando.media\/fr\/wp-json\/wp\/v2\/pages\/872\/revisions\/1206"}],"up":[{"embeddable":true,"href":"https:\/\/accelerando.media\/fr\/wp-json\/wp\/v2\/pages\/827"}],"wp:attachment":[{"href":"https:\/\/accelerando.media\/fr\/wp-json\/wp\/v2\/media?parent=872"}],"curies":[{"name":"wp","href":"https:\/\/api.w.org\/{rel}","templated":true}]}}