{"id":863,"date":"2023-12-14T16:07:56","date_gmt":"2023-12-14T16:07:56","guid":{"rendered":"https:\/\/accelerando.media\/capsules\/dois-je-creer-une-entree-wikidata-org\/"},"modified":"2024-03-25T23:20:31","modified_gmt":"2024-03-25T23:20:31","slug":"dois-je-creer-une-entree-wikidata-org","status":"publish","type":"page","link":"https:\/\/accelerando.media\/fr\/capsules\/dois-je-creer-une-entree-wikidata-org\/","title":{"rendered":"Dois-je cr\u00e9er une entr\u00e9e Wikidata.org"},"content":{"rendered":"<p>[et_pb_section fb_built=\u00a0\u00bb1&Prime; _builder_version=\u00a0\u00bb4.23&Prime; _module_preset=\u00a0\u00bbdefault\u00a0\u00bb background_color=\u00a0\u00bb#f3f5fb\u00a0\u00bb locked=\u00a0\u00bboff\u00a0\u00bb collapsed=\u00a0\u00bbon\u00a0\u00bb global_colors_info=\u00a0\u00bb{}\u00a0\u00bb][et_pb_row _builder_version=\u00a0\u00bb4.23&Prime; _module_preset=\u00a0\u00bbdefault\u00a0\u00bb global_colors_info=\u00a0\u00bb{}\u00a0\u00bb][et_pb_column type=\u00a0\u00bb4_4&Prime; _builder_version=\u00a0\u00bb4.23&Prime; _module_preset=\u00a0\u00bbdefault\u00a0\u00bb global_colors_info=\u00a0\u00bb{}\u00a0\u00bb][et_pb_text _builder_version=\u00a0\u00bb4.23&Prime; _module_preset=\u00a0\u00bbdefault\u00a0\u00bb header_font=\u00a0\u00bbInter||||||||\u00a0\u00bb header_text_align=\u00a0\u00bbleft\u00a0\u00bb header_text_color=\u00a0\u00bb#1d83ff\u00a0\u00bb header_font_size=\u00a0\u00bb50px\u00a0\u00bb global_colors_info=\u00a0\u00bb{}\u00a0\u00bb]<\/p>\n<h1>Dois-je cr\u00e9er une entr\u00e9e Wikidata.org ?<\/h1>\n<p>[\/et_pb_text][et_pb_video src=\u00a0\u00bbhttps:\/\/www.youtube.com\/watch?v=jCvb87sMXGY\u00a0\u00bb _builder_version=\u00a0\u00bb4.23&Prime; _module_preset=\u00a0\u00bbdefault\u00a0\u00bb global_colors_info=\u00a0\u00bb{}\u00a0\u00bb][\/et_pb_video][et_pb_text _builder_version=\u00a0\u00bb4.23&Prime; _module_preset=\u00a0\u00bbdefault\u00a0\u00bb text_font_size=\u00a0\u00bb18px\u00a0\u00bb text_line_height=\u00a0\u00bb1.6em\u00a0\u00bb global_colors_info=\u00a0\u00bb{}\u00a0\u00bb]Ces informations vous ont-elles \u00e9t\u00e9 utiles ? Nous serions ravis d\u2019avoir vos commentaires. Cliquez ici pour nous dire ce que vous en avez pens\u00e9. [\/et_pb_text][et_pb_button button_url=\u00a0\u00bbhttps:\/\/accelerando.media\/fr\/capsules\/\u00a0\u00bb button_text=\u00a0\u00bbVoir une autre capsule\u00a0\u00bb _builder_version=\u00a0\u00bb4.24.2&Prime; _module_preset=\u00a0\u00bbdefault\u00a0\u00bb custom_button=\u00a0\u00bbon\u00a0\u00bb button_text_size=\u00a0\u00bb16px\u00a0\u00bb button_text_color=\u00a0\u00bb#FFFFFF\u00a0\u00bb button_bg_color=\u00a0\u00bb#1d83ff\u00a0\u00bb custom_padding=\u00a0\u00bb10px|25px|10px|25px|true|true\u00a0\u00bb hover_enabled=\u00a0\u00bb0&Prime; global_colors_info=\u00a0\u00bb{}\u00a0\u00bb sticky_enabled=\u00a0\u00bb0&Prime;][\/et_pb_button][\/et_pb_column][\/et_pb_row][et_pb_row column_structure=\u00a0\u00bb1_4,3_4&Prime; use_custom_gutter=\u00a0\u00bbon\u00a0\u00bb gutter_width=\u00a0\u00bb1&Prime; make_equal=\u00a0\u00bbon\u00a0\u00bb _builder_version=\u00a0\u00bb4.23&Prime; _module_preset=\u00a0\u00bbdefault\u00a0\u00bb module_alignment=\u00a0\u00bbcenter\u00a0\u00bb global_colors_info=\u00a0\u00bb{}\u00a0\u00bb][et_pb_column type=\u00a0\u00bb1_4&Prime; _builder_version=\u00a0\u00bb4.23&Prime; _module_preset=\u00a0\u00bbdefault\u00a0\u00bb global_colors_info=\u00a0\u00bb{}\u00a0\u00bb][et_pb_image src=\u00a0\u00bbhttps:\/\/accelerando.media\/wp-content\/uploads\/2023\/12\/11-3.webp\u00a0\u00bb title_text=\u00a0\u00bb11 (3)\u00a0\u00bb _builder_version=\u00a0\u00bb4.23&Prime; _module_preset=\u00a0\u00bbdefault\u00a0\u00bb global_colors_info=\u00a0\u00bb{}\u00a0\u00bb][\/et_pb_image][\/et_pb_column][et_pb_column type=\u00a0\u00bb3_4&Prime; _builder_version=\u00a0\u00bb4.23&Prime; _module_preset=\u00a0\u00bbdefault\u00a0\u00bb global_colors_info=\u00a0\u00bb{}\u00a0\u00bb][et_pb_text _builder_version=\u00a0\u00bb4.23&Prime; _module_preset=\u00a0\u00bbdefault\u00a0\u00bb text_font_size=\u00a0\u00bb18px\u00a0\u00bb text_line_height=\u00a0\u00bb1.6em\u00a0\u00bb header_2_text_align=\u00a0\u00bbcenter\u00a0\u00bb header_2_text_color=\u00a0\u00bb#1d83ff\u00a0\u00bb global_colors_info=\u00a0\u00bb{}\u00a0\u00bb]<strong>Nick Maturo<\/strong>[\/et_pb_text][et_pb_text _builder_version=\u00a0\u00bb4.23&Prime; _module_preset=\u00a0\u00bbdefault\u00a0\u00bb text_font_size=\u00a0\u00bb18px\u00a0\u00bb text_line_height=\u00a0\u00bb1.6em\u00a0\u00bb header_2_text_align=\u00a0\u00bbcenter\u00a0\u00bb header_2_text_color=\u00a0\u00bb#1d83ff\u00a0\u00bb global_colors_info=\u00a0\u00bb{}\u00a0\u00bb]<\/p>\n<p><em>Musicien, coordonnatrice de recherche (ELAN)<\/em><\/p>\n<p><a href=\"https:\/\/eventcloak.tumblr.com\/about\" target=\"_blank\" rel=\"noopener\">https:\/\/eventcloak.tumblr.com\/about<\/a><\/p>\n<p><span>Nick Maturo est titulaire d\u2019une ma\u00eetrise en communications de l\u2019Universit\u00e9 McGill et d\u2019un baccalaur\u00e9at en \u00e9tudes \u00e9lectroacoustiques de l\u2019Universit\u00e9 Concordia. Ses recherches en cours portent sur le travail des musiciens et le r\u00f4le des institutions dans le domaine en \u00e9volution rapide de la distribution de musique en ligne.<\/span><\/p>\n<p><span>En tant qu\u2019artiste, Nick est actif dans la communaut\u00e9 de la musique exp\u00e9rimentale de Montr\u00e9al depuis plus de dix ans et s\u2019est produit aux festivals Suoni Per Il Popolo et MUTEK. Plus r\u00e9cemment, il a sorti de la musique avec des labels tels que Orange Milk Records et Never Anything Records.<\/span><\/p>\n<p><span>Nick occupe actuellement le poste de coordonnateur de la recherche au sein de l\u2019English Language Arts Network (ELAN), o\u00f9 il aide les artistes et les organismes artistiques \u00e0 obtenir du financement au Qu\u00e9bec.<\/span><\/p>\n<p>[\/et_pb_text][\/et_pb_column][\/et_pb_row][et_pb_row _builder_version=\u00a0\u00bb4.23&Prime; _module_preset=\u00a0\u00bbdefault\u00a0\u00bb global_colors_info=\u00a0\u00bb{}\u00a0\u00bb][et_pb_column type=\u00a0\u00bb4_4&Prime; _builder_version=\u00a0\u00bb4.23&Prime; _module_preset=\u00a0\u00bbdefault\u00a0\u00bb global_colors_info=\u00a0\u00bb{}\u00a0\u00bb][et_pb_text _builder_version=\u00a0\u00bb4.23&Prime; _module_preset=\u00a0\u00bbdefault\u00a0\u00bb text_font_size=\u00a0\u00bb18px\u00a0\u00bb text_line_height=\u00a0\u00bb1.6em\u00a0\u00bb header_2_text_align=\u00a0\u00bbleft\u00a0\u00bb header_2_text_color=\u00a0\u00bb#1d83ff\u00a0\u00bb global_colors_info=\u00a0\u00bb{}\u00a0\u00bb]<\/p>\n<h2>Sites web mentionn\u00e9s dans la capsule :<\/p>\n<\/h2>\n<p>[\/et_pb_text][et_pb_text _builder_version=\u00a0\u00bb4.23&Prime; _module_preset=\u00a0\u00bbdefault\u00a0\u00bb text_font_size=\u00a0\u00bb18px\u00a0\u00bb text_line_height=\u00a0\u00bb1.6em\u00a0\u00bb ul_text_color=\u00a0\u00bb#0C71C3&Prime; ul_line_height=\u00a0\u00bb1.6em\u00a0\u00bb header_2_text_align=\u00a0\u00bbcenter\u00a0\u00bb header_2_text_color=\u00a0\u00bb#1d83ff\u00a0\u00bb global_colors_info=\u00a0\u00bb{}\u00a0\u00bb]<\/p>\n<ul>\n<li><a href=\"https:\/\/fr.wikipedia.org\/wiki\/Wikidata\" target=\"_blank\" rel=\"noopener\">https:\/\/fr.wikipedia.org\/wiki\/Wikidata<\/a><\/li>\n<li><a href=\"https:\/\/linkeddigitalfuture.ca\/wikidata\/a\" target=\"_blank\" rel=\"noopener\">https:\/\/linkeddigitalfuture.ca\/wikidata\/a<\/a><\/li>\n<li><a href=\"https:\/\/accelerando.media\/fr\/capsules\/quest-ce-que-le-seo\/\" target=\"_blank\" rel=\"noopener\">Qu\u2019est-ce que le SEO ?<\/a><\/li>\n<\/ul>\n<p>[\/et_pb_text][\/et_pb_column][\/et_pb_row][et_pb_row _builder_version=\u00a0\u00bb4.23&Prime; _module_preset=\u00a0\u00bbdefault\u00a0\u00bb global_colors_info=\u00a0\u00bb{}\u00a0\u00bb][et_pb_column type=\u00a0\u00bb4_4&Prime; _builder_version=\u00a0\u00bb4.23&Prime; _module_preset=\u00a0\u00bbdefault\u00a0\u00bb global_colors_info=\u00a0\u00bb{}\u00a0\u00bb][et_pb_text _builder_version=\u00a0\u00bb4.23&Prime; _module_preset=\u00a0\u00bbdefault\u00a0\u00bb text_font_size=\u00a0\u00bb18px\u00a0\u00bb text_line_height=\u00a0\u00bb1.6em\u00a0\u00bb header_2_text_align=\u00a0\u00bbleft\u00a0\u00bb header_2_text_color=\u00a0\u00bb#1d83ff\u00a0\u00bb global_colors_info=\u00a0\u00bb{}\u00a0\u00bb]<\/p>\n<h2>Cr\u00e9dits<\/h2>\n<p>[\/et_pb_text][et_pb_text _builder_version=\u00a0\u00bb4.23&Prime; _module_preset=\u00a0\u00bbdefault\u00a0\u00bb text_font_size=\u00a0\u00bb18px\u00a0\u00bb text_line_height=\u00a0\u00bb1.6em\u00a0\u00bb header_2_text_align=\u00a0\u00bbcenter\u00a0\u00bb header_2_text_color=\u00a0\u00bb#1d83ff\u00a0\u00bb global_colors_info=\u00a0\u00bb{}\u00a0\u00bb]<strong>Dami\u00e1n Siqueiros,<\/strong> Productrice cr\u00e9ative, studio Terra Sapiens <a href=\"http:\/\/damiansiqueiros.com\" target=\"_blank\" rel=\"noopener\">damiansiqueiros.com<\/a><\/p>\n<p><strong>Juan David Padilla Vega,<\/strong> Directeur de la photographie <a href=\"http:\/\/youtube.com\/c\/urniatorstudio\" target=\"_blank\" rel=\"noopener\">youtube.com\/c\/urniatorstudio<\/a><\/p>\n<p><strong>Camilo Chitiva,<\/strong> Directeur de <a href=\"http:\/\/makka.ca\" target=\"_blank\" rel=\"noopener\">la photographie makka.ca<\/a><\/p>\n<p><strong>Helena Vall\u00e8s Escola,<\/strong> Sc\u00e9nario et <a href=\"http:\/\/helenavalles.com\" target=\"_blank\" rel=\"noopener\">recherche helenavalles.com<\/a><\/p>\n<p><strong>Liliana Ortiz Casas,<\/strong> \u00c9diteur vid\u00e9o <a href=\"liliortiz.design\" target=\"_blank\" rel=\"noopener\">liliortiz.design<\/a>[\/et_pb_text][\/et_pb_column][\/et_pb_row][\/et_pb_section]<\/p>\n","protected":false},"excerpt":{"rendered":"<p>Dois-je cr\u00e9er une entr\u00e9e Wikidata.org ?Ces informations vous ont-elles \u00e9t\u00e9 utiles ? Nous serions ravis d\u2019avoir vos commentaires. Cliquez ici pour nous dire ce que vous en avez pens\u00e9. Nick MaturoMusicien, coordonnatrice de recherche (ELAN) https:\/\/eventcloak.tumblr.com\/about Nick Maturo est titulaire d\u2019une ma\u00eetrise en communications de l\u2019Universit\u00e9 McGill et d\u2019un baccalaur\u00e9at en \u00e9tudes \u00e9lectroacoustiques de l\u2019Universit\u00e9 [&hellip;]<\/p>\n","protected":false},"author":1,"featured_media":0,"parent":827,"menu_order":0,"comment_status":"closed","ping_status":"closed","template":"","meta":{"_et_pb_use_builder":"on","_et_pb_old_content":"","_et_gb_content_width":"","footnotes":""},"class_list":["post-863","page","type-page","status-publish","hentry"],"yoast_head":"<!-- This site is optimized with the Yoast SEO plugin v22.4 - https:\/\/yoast.com\/wordpress\/plugins\/seo\/ -->\n<title>Dois-je cr\u00e9er une entr\u00e9e Wikidata.org - Accelerando Media<\/title>\n<meta name=\"robots\" content=\"index, follow, max-snippet:-1, max-image-preview:large, max-video-preview:-1\" \/>\n<link rel=\"canonical\" href=\"https:\/\/accelerando.media\/fr\/capsules\/dois-je-creer-une-entree-wikidata-org\/\" \/>\n<meta property=\"og:locale\" content=\"fr_CA\" \/>\n<meta property=\"og:type\" content=\"article\" \/>\n<meta property=\"og:title\" content=\"Dois-je cr\u00e9er une entr\u00e9e Wikidata.org - Accelerando Media\" \/>\n<meta property=\"og:url\" content=\"https:\/\/accelerando.media\/fr\/capsules\/dois-je-creer-une-entree-wikidata-org\/\" \/>\n<meta property=\"og:site_name\" content=\"Accelerando Media\" \/>\n<meta property=\"article:modified_time\" content=\"2024-03-25T23:20:31+00:00\" \/>\n<meta name=\"twitter:card\" content=\"summary_large_image\" \/>\n<meta name=\"twitter:label1\" content=\"Estimation du temps de lecture\" \/>\n\t<meta name=\"twitter:data1\" content=\"4 minutes\" \/>\n<script type=\"application\/ld+json\" class=\"yoast-schema-graph\">{\"@context\":\"https:\/\/schema.org\",\"@graph\":[{\"@type\":\"WebPage\",\"@id\":\"https:\/\/accelerando.media\/fr\/capsules\/dois-je-creer-une-entree-wikidata-org\/\",\"url\":\"https:\/\/accelerando.media\/fr\/capsules\/dois-je-creer-une-entree-wikidata-org\/\",\"name\":\"Dois-je cr\u00e9er une entr\u00e9e Wikidata.org - Accelerando Media\",\"isPartOf\":{\"@id\":\"https:\/\/accelerando.media\/#website\"},\"datePublished\":\"2023-12-14T16:07:56+00:00\",\"dateModified\":\"2024-03-25T23:20:31+00:00\",\"breadcrumb\":{\"@id\":\"https:\/\/accelerando.media\/fr\/capsules\/dois-je-creer-une-entree-wikidata-org\/#breadcrumb\"},\"inLanguage\":\"fr-CA\",\"potentialAction\":[{\"@type\":\"ReadAction\",\"target\":[\"https:\/\/accelerando.media\/fr\/capsules\/dois-je-creer-une-entree-wikidata-org\/\"]}]},{\"@type\":\"BreadcrumbList\",\"@id\":\"https:\/\/accelerando.media\/fr\/capsules\/dois-je-creer-une-entree-wikidata-org\/#breadcrumb\",\"itemListElement\":[{\"@type\":\"ListItem\",\"position\":1,\"name\":\"Home\",\"item\":\"https:\/\/accelerando.media\/fr\/\"},{\"@type\":\"ListItem\",\"position\":2,\"name\":\"Capsules\",\"item\":\"https:\/\/accelerando.media\/fr\/capsules\/\"},{\"@type\":\"ListItem\",\"position\":3,\"name\":\"Dois-je cr\u00e9er une entr\u00e9e Wikidata.org\"}]},{\"@type\":\"WebSite\",\"@id\":\"https:\/\/accelerando.media\/#website\",\"url\":\"https:\/\/accelerando.media\/\",\"name\":\"Accelerando Media\",\"description\":\"\",\"potentialAction\":[{\"@type\":\"SearchAction\",\"target\":{\"@type\":\"EntryPoint\",\"urlTemplate\":\"https:\/\/accelerando.media\/?s={search_term_string}\"},\"query-input\":\"required name=search_term_string\"}],\"inLanguage\":\"fr-CA\"}]}<\/script>\n<!-- \/ Yoast SEO plugin. -->","yoast_head_json":{"title":"Dois-je cr\u00e9er une entr\u00e9e Wikidata.org - Accelerando Media","robots":{"index":"index","follow":"follow","max-snippet":"max-snippet:-1","max-image-preview":"max-image-preview:large","max-video-preview":"max-video-preview:-1"},"canonical":"https:\/\/accelerando.media\/fr\/capsules\/dois-je-creer-une-entree-wikidata-org\/","og_locale":"fr_CA","og_type":"article","og_title":"Dois-je cr\u00e9er une entr\u00e9e Wikidata.org - Accelerando Media","og_url":"https:\/\/accelerando.media\/fr\/capsules\/dois-je-creer-une-entree-wikidata-org\/","og_site_name":"Accelerando Media","article_modified_time":"2024-03-25T23:20:31+00:00","twitter_card":"summary_large_image","twitter_misc":{"Estimation du temps de lecture":"4 minutes"},"schema":{"@context":"https:\/\/schema.org","@graph":[{"@type":"WebPage","@id":"https:\/\/accelerando.media\/fr\/capsules\/dois-je-creer-une-entree-wikidata-org\/","url":"https:\/\/accelerando.media\/fr\/capsules\/dois-je-creer-une-entree-wikidata-org\/","name":"Dois-je cr\u00e9er une entr\u00e9e Wikidata.org - Accelerando Media","isPartOf":{"@id":"https:\/\/accelerando.media\/#website"},"datePublished":"2023-12-14T16:07:56+00:00","dateModified":"2024-03-25T23:20:31+00:00","breadcrumb":{"@id":"https:\/\/accelerando.media\/fr\/capsules\/dois-je-creer-une-entree-wikidata-org\/#breadcrumb"},"inLanguage":"fr-CA","potentialAction":[{"@type":"ReadAction","target":["https:\/\/accelerando.media\/fr\/capsules\/dois-je-creer-une-entree-wikidata-org\/"]}]},{"@type":"BreadcrumbList","@id":"https:\/\/accelerando.media\/fr\/capsules\/dois-je-creer-une-entree-wikidata-org\/#breadcrumb","itemListElement":[{"@type":"ListItem","position":1,"name":"Home","item":"https:\/\/accelerando.media\/fr\/"},{"@type":"ListItem","position":2,"name":"Capsules","item":"https:\/\/accelerando.media\/fr\/capsules\/"},{"@type":"ListItem","position":3,"name":"Dois-je cr\u00e9er une entr\u00e9e Wikidata.org"}]},{"@type":"WebSite","@id":"https:\/\/accelerando.media\/#website","url":"https:\/\/accelerando.media\/","name":"Accelerando Media","description":"","potentialAction":[{"@type":"SearchAction","target":{"@type":"EntryPoint","urlTemplate":"https:\/\/accelerando.media\/?s={search_term_string}"},"query-input":"required name=search_term_string"}],"inLanguage":"fr-CA"}]}},"_links":{"self":[{"href":"https:\/\/accelerando.media\/fr\/wp-json\/wp\/v2\/pages\/863","targetHints":{"allow":["GET"]}}],"collection":[{"href":"https:\/\/accelerando.media\/fr\/wp-json\/wp\/v2\/pages"}],"about":[{"href":"https:\/\/accelerando.media\/fr\/wp-json\/wp\/v2\/types\/page"}],"author":[{"embeddable":true,"href":"https:\/\/accelerando.media\/fr\/wp-json\/wp\/v2\/users\/1"}],"replies":[{"embeddable":true,"href":"https:\/\/accelerando.media\/fr\/wp-json\/wp\/v2\/comments?post=863"}],"version-history":[{"count":4,"href":"https:\/\/accelerando.media\/fr\/wp-json\/wp\/v2\/pages\/863\/revisions"}],"predecessor-version":[{"id":1200,"href":"https:\/\/accelerando.media\/fr\/wp-json\/wp\/v2\/pages\/863\/revisions\/1200"}],"up":[{"embeddable":true,"href":"https:\/\/accelerando.media\/fr\/wp-json\/wp\/v2\/pages\/827"}],"wp:attachment":[{"href":"https:\/\/accelerando.media\/fr\/wp-json\/wp\/v2\/media?parent=863"}],"curies":[{"name":"wp","href":"https:\/\/api.w.org\/{rel}","templated":true}]}}