{"id":824,"date":"2023-12-14T13:34:12","date_gmt":"2023-12-14T13:34:12","guid":{"rendered":"https:\/\/accelerando.media\/discussion-artistique\/"},"modified":"2024-03-20T14:13:25","modified_gmt":"2024-03-20T14:13:25","slug":"discussion-artistique","status":"publish","type":"page","link":"https:\/\/accelerando.media\/fr\/discussion-artistique\/","title":{"rendered":"Discussion artistique"},"content":{"rendered":"<p>[et_pb_section fb_built=\u00a0\u00bb1&Prime; _builder_version=\u00a0\u00bb4.23&Prime; _module_preset=\u00a0\u00bbdefault\u00a0\u00bb background_color=\u00a0\u00bb#f3f5fb\u00a0\u00bb locked=\u00a0\u00bboff\u00a0\u00bb collapsed=\u00a0\u00bbon\u00a0\u00bb global_colors_info=\u00a0\u00bb{}\u00a0\u00bb][et_pb_row _builder_version=\u00a0\u00bb4.23&Prime; _module_preset=\u00a0\u00bbdefault\u00a0\u00bb global_colors_info=\u00a0\u00bb{}\u00a0\u00bb][et_pb_column type=\u00a0\u00bb4_4&Prime; _builder_version=\u00a0\u00bb4.23&Prime; _module_preset=\u00a0\u00bbdefault\u00a0\u00bb global_colors_info=\u00a0\u00bb{}\u00a0\u00bb][et_pb_text _builder_version=\u00a0\u00bb4.23&Prime; _module_preset=\u00a0\u00bbdefault\u00a0\u00bb header_font=\u00a0\u00bbInter||||||||\u00a0\u00bb header_text_align=\u00a0\u00bbleft\u00a0\u00bb header_text_color=\u00a0\u00bb#1d83ff\u00a0\u00bb header_font_size=\u00a0\u00bb50px\u00a0\u00bb global_colors_info=\u00a0\u00bb{}\u00a0\u00bb]<\/p>\n<h1>R\u00e9flexions sur l\u2019art de la production vid\u00e9o<br \/>\n<\/h1>\n<p>[\/et_pb_text][et_pb_video src=\u00a0\u00bbhttps:\/\/www.youtube.com\/watch?v=6v3eMP8ByG4&Prime; _builder_version=\u00a0\u00bb4.23&Prime; _module_preset=\u00a0\u00bbdefault\u00a0\u00bb global_colors_info=\u00a0\u00bb{}\u00a0\u00bb][\/et_pb_video][et_pb_text _builder_version=\u00a0\u00bb4.23&Prime; _module_preset=\u00a0\u00bbdefault\u00a0\u00bb text_font_size=\u00a0\u00bb18px\u00a0\u00bb text_line_height=\u00a0\u00bb1.6em\u00a0\u00bb global_colors_info=\u00a0\u00bb{}\u00a0\u00bb]Ces informations vous ont-elles \u00e9t\u00e9 utiles ? Nous serions ravis d\u2019avoir vos commentaires. Cliquez ici pour nous dire ce que vous en avez pens\u00e9. [\/et_pb_text][et_pb_button button_url=\u00a0\u00bbhttps:\/\/accelerando.media\/capsules\/\u00a0\u00bb button_text=\u00a0\u00bbVoir une autre capsule\u00a0\u00bb _builder_version=\u00a0\u00bb4.23&Prime; _module_preset=\u00a0\u00bbdefault\u00a0\u00bb custom_button=\u00a0\u00bbon\u00a0\u00bb button_text_size=\u00a0\u00bb16px\u00a0\u00bb button_text_color=\u00a0\u00bb#FFFFFF\u00a0\u00bb button_bg_color=\u00a0\u00bb#1d83ff\u00a0\u00bb custom_padding=\u00a0\u00bb10px|25px|10px|25px|true|true\u00a0\u00bb global_colors_info=\u00a0\u00bb{}\u00a0\u00bb][\/et_pb_button][\/et_pb_column][\/et_pb_row][et_pb_row column_structure=\u00a0\u00bb1_4,3_4&Prime; use_custom_gutter=\u00a0\u00bbon\u00a0\u00bb gutter_width=\u00a0\u00bb1&Prime; make_equal=\u00a0\u00bbon\u00a0\u00bb _builder_version=\u00a0\u00bb4.23&Prime; _module_preset=\u00a0\u00bbdefault\u00a0\u00bb module_alignment=\u00a0\u00bbcenter\u00a0\u00bb global_colors_info=\u00a0\u00bb{}\u00a0\u00bb][et_pb_column type=\u00a0\u00bb1_4&Prime; _builder_version=\u00a0\u00bb4.23&Prime; _module_preset=\u00a0\u00bbdefault\u00a0\u00bb global_colors_info=\u00a0\u00bb{}\u00a0\u00bb][et_pb_image src=\u00a0\u00bbhttps:\/\/accelerando.media\/wp-content\/uploads\/2023\/12\/11-1.webp\u00a0\u00bb title_text=\u00a0\u00bb11 (1)\u00a0\u00bb _builder_version=\u00a0\u00bb4.23&Prime; _module_preset=\u00a0\u00bbdefault\u00a0\u00bb global_colors_info=\u00a0\u00bb{}\u00a0\u00bb][\/et_pb_image][\/et_pb_column][et_pb_column type=\u00a0\u00bb3_4&Prime; _builder_version=\u00a0\u00bb4.23&Prime; _module_preset=\u00a0\u00bbdefault\u00a0\u00bb global_colors_info=\u00a0\u00bb{}\u00a0\u00bb][et_pb_text _builder_version=\u00a0\u00bb4.23&Prime; _module_preset=\u00a0\u00bbdefault\u00a0\u00bb text_font_size=\u00a0\u00bb18px\u00a0\u00bb text_line_height=\u00a0\u00bb1.6em\u00a0\u00bb header_2_text_align=\u00a0\u00bbcenter\u00a0\u00bb header_2_text_color=\u00a0\u00bb#1d83ff\u00a0\u00bb global_colors_info=\u00a0\u00bb{}\u00a0\u00bb]<strong>Thibault Bertin-Marghit<\/strong>[\/et_pb_text][et_pb_text _builder_version=\u00a0\u00bb4.23&Prime; _module_preset=\u00a0\u00bbdefault\u00a0\u00bb text_font_size=\u00a0\u00bb18px\u00a0\u00bb text_line_height=\u00a0\u00bb1.6em\u00a0\u00bb header_2_text_align=\u00a0\u00bbcenter\u00a0\u00bb header_2_text_color=\u00a0\u00bb#1d83ff\u00a0\u00bb global_colors_info=\u00a0\u00bb{}\u00a0\u00bb]<\/p>\n<p><em>Fondateur et contrebassiste, Collectif9<\/em><\/p>\n<p><a href=\"https:\/\/www.collectif9.ca\/en\" target=\"_blank\" rel=\"noopener\">https:\/\/www.collectif9.ca\/en<\/a><\/p>\n<p>Musicien inventif et dynamique, fondateur du collectif9, le contrebassiste Thibault Bertin-Maghit trouve son inspiration aussi bien du heavy metal qu\u2019\u00e0 la musique ancienne. Ayant quitt\u00e9 la France pour s\u2019installer \u00e0 Montr\u00e9al en 2004 et compl\u00e9t\u00e9 sa ma\u00eetrise en interpr\u00e9tation musicale \u00e0 l\u2019Universit\u00e9 de Montr\u00e9al, Thibault s\u2019est produit dans des festivals et des acad\u00e9mies de musique de chambre et d\u2019orchestre au Canada, aux \u00c9tats-Unis, en Angleterre, en Finlande, en Norv\u00e8ge, en France, en Autriche et en Espagne. Touche-\u00e0-tout, on peut le voir sur sc\u00e8ne avec Tafelmusik, Pallade Musica et des ensembles de musique nouvelle, ou travailler sans rel\u00e2che sur de nouveaux arrangements pour collectif9. On pouvait autrefois le trouver en train de jouer du piano, de la batterie ou de la basse dans des groupes d\u2019indie rock ou de heavy metal &#8211; un vestige de sa vie pass\u00e9e &#8211; mais dans le pr\u00e9sent, Thibault imagine de nouveaux projets et collaborations pour l\u2019avenir du collectif9.<\/p>\n<p>[\/et_pb_text][\/et_pb_column][\/et_pb_row][et_pb_row column_structure=\u00a0\u00bb1_4,3_4&Prime; use_custom_gutter=\u00a0\u00bbon\u00a0\u00bb gutter_width=\u00a0\u00bb1&Prime; make_equal=\u00a0\u00bbon\u00a0\u00bb _builder_version=\u00a0\u00bb4.23&Prime; _module_preset=\u00a0\u00bbdefault\u00a0\u00bb module_alignment=\u00a0\u00bbcenter\u00a0\u00bb global_colors_info=\u00a0\u00bb{}\u00a0\u00bb][et_pb_column type=\u00a0\u00bb1_4&Prime; _builder_version=\u00a0\u00bb4.23&Prime; _module_preset=\u00a0\u00bbdefault\u00a0\u00bb global_colors_info=\u00a0\u00bb{}\u00a0\u00bb][et_pb_image src=\u00a0\u00bbhttps:\/\/accelerando.media\/wp-content\/uploads\/2024\/01\/11-2.webp\u00a0\u00bb title_text=\u00a0\u00bb11 (2)\u00a0\u00bb _builder_version=\u00a0\u00bb4.23&Prime; _module_preset=\u00a0\u00bbdefault\u00a0\u00bb global_colors_info=\u00a0\u00bb{}\u00a0\u00bb][\/et_pb_image][\/et_pb_column][et_pb_column type=\u00a0\u00bb3_4&Prime; _builder_version=\u00a0\u00bb4.23&Prime; _module_preset=\u00a0\u00bbdefault\u00a0\u00bb global_colors_info=\u00a0\u00bb{}\u00a0\u00bb][et_pb_text _builder_version=\u00a0\u00bb4.23&Prime; _module_preset=\u00a0\u00bbdefault\u00a0\u00bb text_font_size=\u00a0\u00bb18px\u00a0\u00bb text_line_height=\u00a0\u00bb1.6em\u00a0\u00bb header_2_text_align=\u00a0\u00bbcenter\u00a0\u00bb header_2_text_color=\u00a0\u00bb#1d83ff\u00a0\u00bb global_colors_info=\u00a0\u00bb{}\u00a0\u00bb]<strong>Dami\u00e1n Siqueiros<\/strong>[\/et_pb_text][et_pb_text _builder_version=\u00a0\u00bb4.23&Prime; _module_preset=\u00a0\u00bbdefault\u00a0\u00bb text_font_size=\u00a0\u00bb18px\u00a0\u00bb text_line_height=\u00a0\u00bb1.6em\u00a0\u00bb header_2_text_align=\u00a0\u00bbcenter\u00a0\u00bb header_2_text_color=\u00a0\u00bb#1d83ff\u00a0\u00bb global_colors_info=\u00a0\u00bb{}\u00a0\u00bb]<\/p>\n<p><em>Producteur cr\u00e9atif, haras de Terra Sapiens<\/em><\/p>\n<p><a href=\"http:\/\/damiansiqueiros.com\" target=\"_blank\" rel=\"noopener\">http:\/\/damiansiqueiros.com<\/a><\/p>\n<p><span>Dami\u00e1n Siqueiros utilise l\u2019art pour cr\u00e9er des r\u00e9cits positifs qui m\u00e8nent \u00e0 la gu\u00e9rison des environnements socio-\u00e9cologiques gr\u00e2ce \u00e0 une narration visuelle empathique.<\/span><\/p>\n<p><span>Le travail de Siqueiros couvre un large \u00e9ventail de m\u00e9dias, notamment la photographie, l\u2019installation, l\u2019art vid\u00e9o, la direction artistique et l\u2019\u00e9ducation.<\/span><\/p>\n<p><span>Les arts de la sc\u00e8ne sont au c\u0153ur de son travail presque depuis le d\u00e9but de sa carri\u00e8re. La performance est devenue un langage exprim\u00e9 \u00e0 travers la photographie qui lui permet d\u2019aborder des questions complexes \u00e0 travers un mouvement abstrait \u00e9motionnel. Siqueiros a collabor\u00e9 avec des chor\u00e9graphes talentueux tels que Sidi Larbi, Margie Gillis, Kyra Jean Green, Andrew Skeels et des compagnies telles que Danse Danse et Les Grands Ballets de Montr\u00e9al.<\/span><\/p>\n<p><span>Dami\u00e1n a particip\u00e9 \u00e0 plus de 60 expositions au Canada et \u00e0 l\u2019international, notamment \u00e0 Washington D.C., \u00e0 l\u2019Art Museum of the Americas, \u00e0 Miami au Frost Museum, au Mexique, en Cor\u00e9e du Sud \u00e0 la MMCA Goyang Residency, \u00e0 Toronto, Montr\u00e9al et New York \u00e0 la prestigieuse galerie Tambaran.<\/span><\/p>\n<p><span>Siqueiros travaille actuellement sur Terra Sapiens, une vision de \u00ab l\u2019art pour la r\u00e9g\u00e9n\u00e9ration environnementale \u00bb avec des repr\u00e9sentations artistiques stimulantes d\u2019un avenir viable qui nourrit des environnements naturels, humains, collaboratifs et de d\u00e9veloppement symbiotiques.<\/span><\/p>\n<p>[\/et_pb_text][\/et_pb_column][\/et_pb_row][et_pb_row _builder_version=\u00a0\u00bb4.23&Prime; _module_preset=\u00a0\u00bbdefault\u00a0\u00bb global_colors_info=\u00a0\u00bb{}\u00a0\u00bb][et_pb_column type=\u00a0\u00bb4_4&Prime; _builder_version=\u00a0\u00bb4.23&Prime; _module_preset=\u00a0\u00bbdefault\u00a0\u00bb global_colors_info=\u00a0\u00bb{}\u00a0\u00bb][et_pb_text _builder_version=\u00a0\u00bb4.23&Prime; _module_preset=\u00a0\u00bbdefault\u00a0\u00bb text_font_size=\u00a0\u00bb18px\u00a0\u00bb text_line_height=\u00a0\u00bb1.6em\u00a0\u00bb header_2_text_align=\u00a0\u00bbleft\u00a0\u00bb header_2_text_color=\u00a0\u00bb#1d83ff\u00a0\u00bb global_colors_info=\u00a0\u00bb{}\u00a0\u00bb]<\/p>\n<h2>Cr\u00e9dits<\/h2>\n<p>[\/et_pb_text][et_pb_text _builder_version=\u00a0\u00bb4.23&Prime; _module_preset=\u00a0\u00bbdefault\u00a0\u00bb text_font_size=\u00a0\u00bb18px\u00a0\u00bb text_line_height=\u00a0\u00bb1.6em\u00a0\u00bb header_2_text_align=\u00a0\u00bbcenter\u00a0\u00bb header_2_text_color=\u00a0\u00bb#1d83ff\u00a0\u00bb hover_enabled=\u00a0\u00bb0&Prime; global_colors_info=\u00a0\u00bb{}\u00a0\u00bb sticky_enabled=\u00a0\u00bb0&Prime;]<\/p>\n<p><strong>Dami\u00e1n Siqueiros,<\/strong> Productrice cr\u00e9ative, studio Terra Sapiens <a href=\"https:\/\/damiansiqueiros.com\/\" target=\"_blank\" rel=\"noopener\">damiansiqueiros.com<\/a><\/p>\n<p><strong>Juan David Padilla Vega,<\/strong> Directeur de la photographie <a href=\"https:\/\/www.youtube.com\/c\/urniatorstudio\" target=\"_blank\" rel=\"noopener\">youtube.com\/c\/urniatorstudio<\/a><\/p>\n<p><strong>Camilo Chitiva,<\/strong> Directeur de <a href=\"https:\/\/makka.ca\/\" target=\"_blank\" rel=\"noopener\">la photographie makka.ca<\/a><\/p>\n<p><strong>Helena Vall\u00e8s Escola,<\/strong> Sc\u00e9nario et <a href=\"https:\/\/helenavalles.com\/\" target=\"_blank\" rel=\"noopener\">recherche helenavalles.com<\/a><\/p>\n<p><strong>Liliana Ortiz Casas,<\/strong> \u00c9diteur vid\u00e9o <a href=\"https:\/\/liliortiz.design\/\" target=\"_blank\" rel=\"noopener\">liliortiz.design<\/a><\/p>\n<p>[\/et_pb_text][\/et_pb_column][\/et_pb_row][\/et_pb_section]<\/p>\n","protected":false},"excerpt":{"rendered":"<p>R\u00e9flexions sur l\u2019art de la production vid\u00e9o Ces informations vous ont-elles \u00e9t\u00e9 utiles ? Nous serions ravis d\u2019avoir vos commentaires. Cliquez ici pour nous dire ce que vous en avez pens\u00e9. Thibault Bertin-MarghitFondateur et contrebassiste, Collectif9 https:\/\/www.collectif9.ca\/en Musicien inventif et dynamique, fondateur du collectif9, le contrebassiste Thibault Bertin-Maghit trouve son inspiration aussi bien du heavy [&hellip;]<\/p>\n","protected":false},"author":1,"featured_media":0,"parent":0,"menu_order":0,"comment_status":"closed","ping_status":"closed","template":"","meta":{"_et_pb_use_builder":"on","_et_pb_old_content":"","_et_gb_content_width":"","footnotes":""},"class_list":["post-824","page","type-page","status-publish","hentry"],"yoast_head":"<!-- This site is optimized with the Yoast SEO plugin v22.4 - https:\/\/yoast.com\/wordpress\/plugins\/seo\/ -->\n<title>Discussion artistique - Accelerando Media<\/title>\n<meta name=\"robots\" content=\"index, follow, max-snippet:-1, max-image-preview:large, max-video-preview:-1\" \/>\n<link rel=\"canonical\" href=\"https:\/\/accelerando.media\/fr\/discussion-artistique\/\" \/>\n<meta property=\"og:locale\" content=\"fr_CA\" \/>\n<meta property=\"og:type\" content=\"article\" \/>\n<meta property=\"og:title\" content=\"Discussion artistique - Accelerando Media\" \/>\n<meta property=\"og:url\" content=\"https:\/\/accelerando.media\/fr\/discussion-artistique\/\" \/>\n<meta property=\"og:site_name\" content=\"Accelerando Media\" \/>\n<meta property=\"article:modified_time\" content=\"2024-03-20T14:13:25+00:00\" \/>\n<meta name=\"twitter:card\" content=\"summary_large_image\" \/>\n<meta name=\"twitter:label1\" content=\"Estimation du temps de lecture\" \/>\n\t<meta name=\"twitter:data1\" content=\"5 minutes\" \/>\n<script type=\"application\/ld+json\" class=\"yoast-schema-graph\">{\"@context\":\"https:\/\/schema.org\",\"@graph\":[{\"@type\":\"WebPage\",\"@id\":\"https:\/\/accelerando.media\/fr\/discussion-artistique\/\",\"url\":\"https:\/\/accelerando.media\/fr\/discussion-artistique\/\",\"name\":\"Discussion artistique - Accelerando Media\",\"isPartOf\":{\"@id\":\"https:\/\/accelerando.media\/#website\"},\"datePublished\":\"2023-12-14T13:34:12+00:00\",\"dateModified\":\"2024-03-20T14:13:25+00:00\",\"breadcrumb\":{\"@id\":\"https:\/\/accelerando.media\/fr\/discussion-artistique\/#breadcrumb\"},\"inLanguage\":\"fr-CA\",\"potentialAction\":[{\"@type\":\"ReadAction\",\"target\":[\"https:\/\/accelerando.media\/fr\/discussion-artistique\/\"]}]},{\"@type\":\"BreadcrumbList\",\"@id\":\"https:\/\/accelerando.media\/fr\/discussion-artistique\/#breadcrumb\",\"itemListElement\":[{\"@type\":\"ListItem\",\"position\":1,\"name\":\"Home\",\"item\":\"https:\/\/accelerando.media\/fr\/\"},{\"@type\":\"ListItem\",\"position\":2,\"name\":\"Discussion artistique\"}]},{\"@type\":\"WebSite\",\"@id\":\"https:\/\/accelerando.media\/#website\",\"url\":\"https:\/\/accelerando.media\/\",\"name\":\"Accelerando Media\",\"description\":\"\",\"potentialAction\":[{\"@type\":\"SearchAction\",\"target\":{\"@type\":\"EntryPoint\",\"urlTemplate\":\"https:\/\/accelerando.media\/?s={search_term_string}\"},\"query-input\":\"required name=search_term_string\"}],\"inLanguage\":\"fr-CA\"}]}<\/script>\n<!-- \/ Yoast SEO plugin. -->","yoast_head_json":{"title":"Discussion artistique - Accelerando Media","robots":{"index":"index","follow":"follow","max-snippet":"max-snippet:-1","max-image-preview":"max-image-preview:large","max-video-preview":"max-video-preview:-1"},"canonical":"https:\/\/accelerando.media\/fr\/discussion-artistique\/","og_locale":"fr_CA","og_type":"article","og_title":"Discussion artistique - Accelerando Media","og_url":"https:\/\/accelerando.media\/fr\/discussion-artistique\/","og_site_name":"Accelerando Media","article_modified_time":"2024-03-20T14:13:25+00:00","twitter_card":"summary_large_image","twitter_misc":{"Estimation du temps de lecture":"5 minutes"},"schema":{"@context":"https:\/\/schema.org","@graph":[{"@type":"WebPage","@id":"https:\/\/accelerando.media\/fr\/discussion-artistique\/","url":"https:\/\/accelerando.media\/fr\/discussion-artistique\/","name":"Discussion artistique - Accelerando Media","isPartOf":{"@id":"https:\/\/accelerando.media\/#website"},"datePublished":"2023-12-14T13:34:12+00:00","dateModified":"2024-03-20T14:13:25+00:00","breadcrumb":{"@id":"https:\/\/accelerando.media\/fr\/discussion-artistique\/#breadcrumb"},"inLanguage":"fr-CA","potentialAction":[{"@type":"ReadAction","target":["https:\/\/accelerando.media\/fr\/discussion-artistique\/"]}]},{"@type":"BreadcrumbList","@id":"https:\/\/accelerando.media\/fr\/discussion-artistique\/#breadcrumb","itemListElement":[{"@type":"ListItem","position":1,"name":"Home","item":"https:\/\/accelerando.media\/fr\/"},{"@type":"ListItem","position":2,"name":"Discussion artistique"}]},{"@type":"WebSite","@id":"https:\/\/accelerando.media\/#website","url":"https:\/\/accelerando.media\/","name":"Accelerando Media","description":"","potentialAction":[{"@type":"SearchAction","target":{"@type":"EntryPoint","urlTemplate":"https:\/\/accelerando.media\/?s={search_term_string}"},"query-input":"required name=search_term_string"}],"inLanguage":"fr-CA"}]}},"_links":{"self":[{"href":"https:\/\/accelerando.media\/fr\/wp-json\/wp\/v2\/pages\/824","targetHints":{"allow":["GET"]}}],"collection":[{"href":"https:\/\/accelerando.media\/fr\/wp-json\/wp\/v2\/pages"}],"about":[{"href":"https:\/\/accelerando.media\/fr\/wp-json\/wp\/v2\/types\/page"}],"author":[{"embeddable":true,"href":"https:\/\/accelerando.media\/fr\/wp-json\/wp\/v2\/users\/1"}],"replies":[{"embeddable":true,"href":"https:\/\/accelerando.media\/fr\/wp-json\/wp\/v2\/comments?post=824"}],"version-history":[{"count":2,"href":"https:\/\/accelerando.media\/fr\/wp-json\/wp\/v2\/pages\/824\/revisions"}],"predecessor-version":[{"id":826,"href":"https:\/\/accelerando.media\/fr\/wp-json\/wp\/v2\/pages\/824\/revisions\/826"}],"wp:attachment":[{"href":"https:\/\/accelerando.media\/fr\/wp-json\/wp\/v2\/media?parent=824"}],"curies":[{"name":"wp","href":"https:\/\/api.w.org\/{rel}","templated":true}]}}