{"id":821,"date":"2023-10-31T12:51:45","date_gmt":"2023-10-31T12:51:45","guid":{"rendered":"https:\/\/accelerando.media\/a-propos\/"},"modified":"2024-03-20T14:12:36","modified_gmt":"2024-03-20T14:12:36","slug":"a-propos","status":"publish","type":"page","link":"https:\/\/accelerando.media\/fr\/a-propos\/","title":{"rendered":"\u00c0 propos"},"content":{"rendered":"<p>[et_pb_section fb_built=\u00a0\u00bb1&Prime; _builder_version=\u00a0\u00bb4.23&Prime; _module_preset=\u00a0\u00bbdefault\u00a0\u00bb background_image=\u00a0\u00bbhttps:\/\/accelerando.media\/wp-content\/uploads\/2024\/03\/RESOLUTION_INTERNET_\u00a9ANNIE_ETHIER_30_JUIN_2019_151A13391.jpg\u00a0\u00bb custom_padding=\u00a0\u00bb||250px||false|false\u00a0\u00bb hover_enabled=\u00a0\u00bb0&Prime; global_colors_info=\u00a0\u00bb{}\u00a0\u00bb title_text=\u00a0\u00bbRE\u0301SOLUTION_INTERNET_\u00a9ANNIE_ETHIER_30_JUIN_2019_151A1339(1)\u00a0\u00bb sticky_enabled=\u00a0\u00bb0&Prime;][et_pb_row _builder_version=\u00a0\u00bb4.23&Prime; _module_preset=\u00a0\u00bbdefault\u00a0\u00bb custom_margin=\u00a0\u00bb150px||||false|false\u00a0\u00bb global_colors_info=\u00a0\u00bb{}\u00a0\u00bb][et_pb_column type=\u00a0\u00bb4_4&Prime; _builder_version=\u00a0\u00bb4.23&Prime; _module_preset=\u00a0\u00bbdefault\u00a0\u00bb background_enable_color=\u00a0\u00bboff\u00a0\u00bb global_colors_info=\u00a0\u00bb{}\u00a0\u00bb][et_pb_text _builder_version=\u00a0\u00bb4.23&Prime; _module_preset=\u00a0\u00bbdefault\u00a0\u00bb header_text_align=\u00a0\u00bbcenter\u00a0\u00bb header_text_color=\u00a0\u00bb#FFFFFF\u00a0\u00bb header_font_size=\u00a0\u00bb50px\u00a0\u00bb background_color=\u00a0\u00bbrgba(55,77,98,0.8)\u00a0\u00bb global_colors_info=\u00a0\u00bb{}\u00a0\u00bb]<\/p>\n<h1>\u00c0 propos<\/h1>\n<p>[\/et_pb_text][\/et_pb_column][\/et_pb_row][\/et_pb_section][et_pb_section fb_built=\u00a0\u00bb1&Prime; _builder_version=\u00a0\u00bb4.23&Prime; _module_preset=\u00a0\u00bbdefault\u00a0\u00bb global_colors_info=\u00a0\u00bb{}\u00a0\u00bb][et_pb_row _builder_version=\u00a0\u00bb4.23&Prime; _module_preset=\u00a0\u00bbdefault\u00a0\u00bb global_colors_info=\u00a0\u00bb{}\u00a0\u00bb][et_pb_column type=\u00a0\u00bb4_4&Prime; _builder_version=\u00a0\u00bb4.23&Prime; _module_preset=\u00a0\u00bbdefault\u00a0\u00bb global_colors_info=\u00a0\u00bb{}\u00a0\u00bb][et_pb_text _builder_version=\u00a0\u00bb4.23&Prime; _module_preset=\u00a0\u00bbdefault\u00a0\u00bb header_2_text_align=\u00a0\u00bbcenter\u00a0\u00bb global_colors_info=\u00a0\u00bb{}\u00a0\u00bb]<\/p>\n<h2>Vision<\/h2>\n<p>[\/et_pb_text][\/et_pb_column][\/et_pb_row][et_pb_row column_structure=\u00a0\u00bb1_2,1_2&Prime; _builder_version=\u00a0\u00bb4.23&Prime; _module_preset=\u00a0\u00bbdefault\u00a0\u00bb hover_enabled=\u00a0\u00bb0&Prime; global_colors_info=\u00a0\u00bb{}\u00a0\u00bb sticky_enabled=\u00a0\u00bb0&Prime;][et_pb_column type=\u00a0\u00bb1_2&Prime; _builder_version=\u00a0\u00bb4.23&Prime; _module_preset=\u00a0\u00bbdefault\u00a0\u00bb global_colors_info=\u00a0\u00bb{}\u00a0\u00bb][et_pb_text _builder_version=\u00a0\u00bb4.23&Prime; _module_preset=\u00a0\u00bbdefault\u00a0\u00bb text_font_size=\u00a0\u00bb18px\u00a0\u00bb text_line_height=\u00a0\u00bb1.6em\u00a0\u00bb header_2_text_align=\u00a0\u00bbcenter\u00a0\u00bb header_2_text_color=\u00a0\u00bb#1d83ff\u00a0\u00bb custom_margin=\u00a0\u00bb||18px||false|false\u00a0\u00bb locked=\u00a0\u00bboff\u00a0\u00bb global_colors_info=\u00a0\u00bb{}\u00a0\u00bb]<\/p>\n<p><strong>Un message de Barbara Scales<\/strong><\/p>\n<p>La tendance \u00e0 une pr\u00e9sence en ligne de plus en plus importante pour les musiciens n\u2019a fait que se renforcer avec la pand\u00e9mie de COVID-19. L\u2019impact de la COVID s\u2019est fait sentir dans l\u2019ensemble de l\u2019\u00e9conomie, mais l\u2019impact sur l\u2019\u00e9cosyst\u00e8me musical a \u00e9t\u00e9 particuli\u00e8rement catastrophique. Les revenus des enregistrements diminuent depuis des ann\u00e9es et les sources de revenus traditionnelles, bas\u00e9es sur les concerts et les tourn\u00e9es, se sont taries. \u00c0 quoi pourrait ressembler un avenir post-pand\u00e9mique pour les arts de la sc\u00e8ne, la musique en particulier ?<\/p>\n<p>[\/et_pb_text][et_pb_text _builder_version=\u00a0\u00bb4.23&Prime; _module_preset=\u00a0\u00bbdefault\u00a0\u00bb text_font_size=\u00a0\u00bb18px\u00a0\u00bb text_line_height=\u00a0\u00bb1.6em\u00a0\u00bb header_2_text_align=\u00a0\u00bbcenter\u00a0\u00bb header_2_text_color=\u00a0\u00bb#1d83ff\u00a0\u00bb custom_margin=\u00a0\u00bb||18px||false|false\u00a0\u00bb locked=\u00a0\u00bboff\u00a0\u00bb global_colors_info=\u00a0\u00bb{}\u00a0\u00bb]<\/p>\n<p>Un \u00e9cosyst\u00e8me musical post-pand\u00e9mique pourrait :<\/p>\n<ul>\n<li>\u00eatre plus \u00e0 petite \u00e9chelle avec une programmation tout aussi modeste ;<\/li>\n<li>cr\u00e9er un public plus large et une distribution plus large pour les nouvelles productions ;<\/li>\n<li>ont une empreinte \u00e9cologique r\u00e9duite, avec des tourn\u00e9es co\u00fbteuses limit\u00e9es ;<\/li>\n<li>\u00eatre plus local, en faisant appel \u00e0 des artistes proches de chez nous, avec une plus grande diversit\u00e9 culturelle et en m\u00eame temps \u00eatre plus r\u00e9gional, national et international ;<\/li>\n<li>augmenter les co\u00fbts parce que les musiciens devront cr\u00e9er de nouveaux contenus num\u00e9riques de haute qualit\u00e9 autres que le son ; et paradoxalement<\/li>\n<li>ont moins de barri\u00e8res \u00e0 l\u2019entr\u00e9e gr\u00e2ce \u00e0 la r\u00e9volution num\u00e9rique.<\/li>\n<\/ul>\n<p>[\/et_pb_text][\/et_pb_column][et_pb_column type=\u00a0\u00bb1_2&Prime; _builder_version=\u00a0\u00bb4.23&Prime; _module_preset=\u00a0\u00bbdefault\u00a0\u00bb global_colors_info=\u00a0\u00bb{}\u00a0\u00bb][et_pb_image src=\u00a0\u00bbhttps:\/\/accelerando.media\/wp-content\/uploads\/2024\/03\/Quatuor-Debussy-Credit-Bernard-Benant-LR-071.jpg\u00a0\u00bb _builder_version=\u00a0\u00bb4.23&Prime; _module_preset=\u00a0\u00bbdefault\u00a0\u00bb hover_enabled=\u00a0\u00bb0&Prime; global_colors_info=\u00a0\u00bb{}\u00a0\u00bb title_text=\u00a0\u00bbQuatuor Debussy (Cr\u00e9dit Bernard Benant) LR 07(1)\u00a0\u00bb sticky_enabled=\u00a0\u00bb0&Prime;][\/et_pb_image][\/et_pb_column][\/et_pb_row][et_pb_row _builder_version=\u00a0\u00bb4.23&Prime; _module_preset=\u00a0\u00bbdefault\u00a0\u00bb][et_pb_column _builder_version=\u00a0\u00bb4.23&Prime; _module_preset=\u00a0\u00bbdefault\u00a0\u00bb type=\u00a0\u00bb4_4&Prime;][et_pb_text _builder_version=\u00a0\u00bb4.23&Prime; _module_preset=\u00a0\u00bbdefault\u00a0\u00bb text_font_size=\u00a0\u00bb18px\u00a0\u00bb text_line_height=\u00a0\u00bb1.6em\u00a0\u00bb header_2_text_align=\u00a0\u00bbcenter\u00a0\u00bb header_2_text_color=\u00a0\u00bb#1d83ff\u00a0\u00bb custom_margin=\u00a0\u00bb||18px||false|false\u00a0\u00bb locked=\u00a0\u00bboff\u00a0\u00bb global_colors_info=\u00a0\u00bb{}\u00a0\u00bb]<\/p>\n<p>Ce nouvel \u00e9cosyst\u00e8me, cet \u00e9cosyst\u00e8me num\u00e9rique, a permis aux artistes d\u2019acc\u00e9der aux maisons des gens d\u2019une mani\u00e8re inimaginable auparavant. Le public n\u2019a jamais eu un contact aussi large avec les artistes et leurs \u0153uvres, et ce, \u00e0 un co\u00fbt nul ou presque. Cette \u00e9conomie num\u00e9rique a permis aux artistes de cr\u00e9er de nouvelles \u0153uvres de nouvelles fa\u00e7ons et de diffuser des \u0153uvres existantes \u00e0 une \u00e9chelle inimaginable il y a seulement quelques ann\u00e9es.<\/p>\n<p>[\/et_pb_text][et_pb_text _builder_version=\u00a0\u00bb4.23&Prime; _module_preset=\u00a0\u00bbdefault\u00a0\u00bb text_font_size=\u00a0\u00bb18px\u00a0\u00bb text_line_height=\u00a0\u00bb1.6em\u00a0\u00bb header_2_text_align=\u00a0\u00bbcenter\u00a0\u00bb header_2_text_color=\u00a0\u00bb#1d83ff\u00a0\u00bb locked=\u00a0\u00bboff\u00a0\u00bb global_colors_info=\u00a0\u00bb{}\u00a0\u00bb]<\/p>\n<p>Mais cette transition est difficile. Les enjeux juridiques, techniques et financiers auxquels tous les acteurs de l\u2019\u00e9cosyst\u00e8me musical doivent faire face sont immenses. En tant qu\u2019agent, j\u2019ai eu du mal avec \u00e7a. Mes artistes ont eu du mal avec \u00e7a. Et mes clients, les pr\u00e9sentateurs, ont eu du mal avec cela.<\/p>\n<p>[\/et_pb_text][\/et_pb_column][\/et_pb_row][\/et_pb_section][et_pb_section fb_built=\u00a0\u00bb1&Prime; _builder_version=\u00a0\u00bb4.23&Prime; _module_preset=\u00a0\u00bbdefault\u00a0\u00bb global_colors_info=\u00a0\u00bb{}\u00a0\u00bb][et_pb_row _builder_version=\u00a0\u00bb4.23&Prime; _module_preset=\u00a0\u00bbdefault\u00a0\u00bb global_colors_info=\u00a0\u00bb{}\u00a0\u00bb][et_pb_column type=\u00a0\u00bb4_4&Prime; _builder_version=\u00a0\u00bb4.23&Prime; _module_preset=\u00a0\u00bbdefault\u00a0\u00bb global_colors_info=\u00a0\u00bb{}\u00a0\u00bb][et_pb_text _builder_version=\u00a0\u00bb4.23&Prime; _module_preset=\u00a0\u00bbdefault\u00a0\u00bb header_2_text_align=\u00a0\u00bbcenter\u00a0\u00bb global_colors_info=\u00a0\u00bb{}\u00a0\u00bb]<\/p>\n<h2>Histoire<\/h2>\n<p>[\/et_pb_text][\/et_pb_column][\/et_pb_row][et_pb_row column_structure=\u00a0\u00bb1_2,1_2&Prime; _builder_version=\u00a0\u00bb4.23&Prime; _module_preset=\u00a0\u00bbdefault\u00a0\u00bb global_colors_info=\u00a0\u00bb{}\u00a0\u00bb][et_pb_column type=\u00a0\u00bb1_2&Prime; _builder_version=\u00a0\u00bb4.23&Prime; _module_preset=\u00a0\u00bbdefault\u00a0\u00bb global_colors_info=\u00a0\u00bb{}\u00a0\u00bb][et_pb_image src=\u00a0\u00bbhttps:\/\/accelerando.media\/wp-content\/uploads\/2024\/01\/773420_0b41127fd1684784b2cb72a4c2d90057mv2.webp\u00a0\u00bb title_text=\u00a0\u00bb773420_0b41127fd1684784b2cb72a4c2d90057~mv2&Prime; _builder_version=\u00a0\u00bb4.23&Prime; _module_preset=\u00a0\u00bbdefault\u00a0\u00bb global_colors_info=\u00a0\u00bb{}\u00a0\u00bb][\/et_pb_image][\/et_pb_column][et_pb_column type=\u00a0\u00bb1_2&Prime; _builder_version=\u00a0\u00bb4.23&Prime; _module_preset=\u00a0\u00bbdefault\u00a0\u00bb global_colors_info=\u00a0\u00bb{}\u00a0\u00bb][et_pb_text _builder_version=\u00a0\u00bb4.23&Prime; _module_preset=\u00a0\u00bbdefault\u00a0\u00bb text_font_size=\u00a0\u00bb18px\u00a0\u00bb text_line_height=\u00a0\u00bb1.6em\u00a0\u00bb header_2_text_align=\u00a0\u00bbcenter\u00a0\u00bb header_2_text_color=\u00a0\u00bb#1d83ff\u00a0\u00bb custom_margin=\u00a0\u00bb||0px||false|false\u00a0\u00bb locked=\u00a0\u00bboff\u00a0\u00bb global_colors_info=\u00a0\u00bb{}\u00a0\u00bb]<\/p>\n<p>En mars 2020, je rencontrais presque quotidiennement diverses personnes, \u00e0 la recherche de r\u00e9ponses. Lorsque le Conseil des arts du Canada a annonc\u00e9 son programme Strat\u00e9gies num\u00e9riques, j\u2019ai fait une demande de subvention afin que nous puissions trouver des r\u00e9ponses \u00e0 ces questions. Lorsque nous avons re\u00e7u l\u2019approbation de la subvention en novembre, nous avons commenc\u00e9 \u00e0 travailler.<\/p>\n<p>&nbsp;<\/p>\n<p>[\/et_pb_text][et_pb_text _builder_version=\u00a0\u00bb4.23&Prime; _module_preset=\u00a0\u00bbdefault\u00a0\u00bb text_font_size=\u00a0\u00bb18px\u00a0\u00bb text_line_height=\u00a0\u00bb1.6em\u00a0\u00bb header_2_text_align=\u00a0\u00bbcenter\u00a0\u00bb header_2_text_color=\u00a0\u00bb#1d83ff\u00a0\u00bb custom_margin=\u00a0\u00bb||0px||false|false\u00a0\u00bb locked=\u00a0\u00bboff\u00a0\u00bb global_colors_info=\u00a0\u00bb{}\u00a0\u00bb]<\/p>\n<p><span>Nous avons discut\u00e9 avec des gens de partout au pays de ce qu\u2019ils pensaient \u00eatre les priorit\u00e9s. Avec leur aide, nous avons dress\u00e9 une liste des questions qu\u2019ils se posaient ou qui leur avaient \u00e9t\u00e9 pos\u00e9es. Avec leur aide, nous avons trouv\u00e9 des experts qui pouvaient r\u00e9pondre \u00e0 ces questions. Bien que nous ayons parl\u00e9 principalement \u00e0 des gens de l\u2019\u00e9cosyst\u00e8me de la musique, notre objectif \u00e9tait de rendre cela pertinent pour tout le monde dans les arts de la sc\u00e8ne. Nous voulions des r\u00e9ponses claires aux questions dans un format facile \u00e0 comprendre, nous avons donc opt\u00e9 pour des capsules Web. Et nous voulions rendre l\u2019acc\u00e8s gratuit et l\u2019information disponible en fran\u00e7ais et en anglais.<\/span><\/p>\n<p>[\/et_pb_text][et_pb_image src=\u00a0\u00bbhttps:\/\/accelerando.media\/wp-content\/uploads\/2023\/11\/Barbara-signature-transparent-background.png\u00a0\u00bb title_text=\u00a0\u00bbFond transparent signature Barbara\u00a0\u00bb align=\u00a0\u00bbright\u00a0\u00bb _builder_version=\u00a0\u00bb4.23&Prime; _module_preset=\u00a0\u00bbdefault\u00a0\u00bb custom_margin=\u00a0\u00bb||4px||false|false\u00a0\u00bb global_colors_info=\u00a0\u00bb{}\u00a0\u00bb][\/et_pb_image][et_pb_text _builder_version=\u00a0\u00bb4.23&Prime; _module_preset=\u00a0\u00bbdefault\u00a0\u00bb text_font_size=\u00a0\u00bb18px\u00a0\u00bb text_line_height=\u00a0\u00bb1.6em\u00a0\u00bb header_2_text_align=\u00a0\u00bbcenter\u00a0\u00bb header_2_text_color=\u00a0\u00bb#1d83ff\u00a0\u00bb text_orientation=\u00a0\u00bbright\u00a0\u00bb custom_margin=\u00a0\u00bb||12px||false|false\u00a0\u00bb locked=\u00a0\u00bboff\u00a0\u00bb global_colors_info=\u00a0\u00bb{}\u00a0\u00bb]<\/p>\n<p>-Barbara Scales,<br \/>Pr\u00e9sident<br \/><a href=\"#\">Latitude 45 Arts<\/a><\/p>\n<p>[\/et_pb_text][et_pb_image src=\u00a0\u00bbhttps:\/\/accelerando.media\/wp-content\/uploads\/2023\/11\/01LatitudeLogoDark.png\u00a0\u00bb title_text=\u00a0\u00bb01LatitudeLogoDark\u00a0\u00bb align=\u00a0\u00bbright\u00a0\u00bb _builder_version=\u00a0\u00bb4.23&Prime; _module_preset=\u00a0\u00bbdefault\u00a0\u00bb global_colors_info=\u00a0\u00bb{}\u00a0\u00bb][\/et_pb_image][\/et_pb_column][\/et_pb_row][\/et_pb_section][et_pb_section fb_built=\u00a0\u00bb1&Prime; _builder_version=\u00a0\u00bb4.23&Prime; _module_preset=\u00a0\u00bbdefault\u00a0\u00bb global_colors_info=\u00a0\u00bb{}\u00a0\u00bb][et_pb_row _builder_version=\u00a0\u00bb4.23&Prime; _module_preset=\u00a0\u00bbdefault\u00a0\u00bb global_colors_info=\u00a0\u00bb{}\u00a0\u00bb][et_pb_column type=\u00a0\u00bb4_4&Prime; _builder_version=\u00a0\u00bb4.23&Prime; _module_preset=\u00a0\u00bbdefault\u00a0\u00bb global_colors_info=\u00a0\u00bb{}\u00a0\u00bb][et_pb_text _builder_version=\u00a0\u00bb4.23&Prime; _module_preset=\u00a0\u00bbdefault\u00a0\u00bb header_2_text_align=\u00a0\u00bbcenter\u00a0\u00bb global_colors_info=\u00a0\u00bb{}\u00a0\u00bb]<\/p>\n<h2>Objectifs<\/h2>\n<p>[\/et_pb_text][\/et_pb_column][\/et_pb_row][et_pb_row column_structure=\u00a0\u00bb1_2,1_2&Prime; _builder_version=\u00a0\u00bb4.23&Prime; _module_preset=\u00a0\u00bbdefault\u00a0\u00bb global_colors_info=\u00a0\u00bb{}\u00a0\u00bb][et_pb_column type=\u00a0\u00bb1_2&Prime; _builder_version=\u00a0\u00bb4.23&Prime; _module_preset=\u00a0\u00bbdefault\u00a0\u00bb global_colors_info=\u00a0\u00bb{}\u00a0\u00bb][et_pb_text _builder_version=\u00a0\u00bb4.23&Prime; _module_preset=\u00a0\u00bbdefault\u00a0\u00bb text_font_size=\u00a0\u00bb18px\u00a0\u00bb text_line_height=\u00a0\u00bb1.6em\u00a0\u00bb header_2_text_align=\u00a0\u00bbcenter\u00a0\u00bb header_2_text_color=\u00a0\u00bb#1d83ff\u00a0\u00bb custom_margin=\u00a0\u00bb||15px||false|false\u00a0\u00bb locked=\u00a0\u00bboff\u00a0\u00bb global_colors_info=\u00a0\u00bb{}\u00a0\u00bb]<\/p>\n<p>Accelerando.ca s\u2019agit d\u2019une s\u00e9rie de capsules Web et de liens qui vous aideront \u00e0 acqu\u00e9rir les connaissances dont vous avez besoin pour faciliter votre pr\u00e9sence en ligne.<\/p>\n<p>[\/et_pb_text][et_pb_text _builder_version=\u00a0\u00bb4.23&Prime; _module_preset=\u00a0\u00bbdefault\u00a0\u00bb text_font_size=\u00a0\u00bb18px\u00a0\u00bb text_line_height=\u00a0\u00bb1.6em\u00a0\u00bb header_2_text_align=\u00a0\u00bbcenter\u00a0\u00bb header_2_text_color=\u00a0\u00bb#1d83ff\u00a0\u00bb custom_margin=\u00a0\u00bb||0px||false|false\u00a0\u00bb locked=\u00a0\u00bboff\u00a0\u00bb global_colors_info=\u00a0\u00bb{}\u00a0\u00bb]<\/p>\n<p><em>Les objectifs d\u2019accelerando.media<\/em> sont les suivants :<\/p>\n<ul>\n<li>doter les musiciens, les agents, les g\u00e9rants et les diffuseurs canadiens des concepts de base sur les droits, les plateformes, la distribution, les m\u00e9tadonn\u00e9es et la mon\u00e9tisation afin qu\u2019ils puissent poser les bonnes questions avant de d\u00e9cider de mettre de la musique en ligne ;<\/li>\n<li>veiller \u00e0 ce que tous les acteurs de l\u2019\u00e9cosyst\u00e8me musical partagent un vocabulaire commun et sachent de quoi ils doivent discuter, quelles questions ils doivent se poser et, surtout, quelles sont les cons\u00e9quences si certaines conditions ne sont pas respect\u00e9es ;<\/li>\n<li>cr\u00e9er une communaut\u00e9 d\u2019utilisateurs o\u00f9 les questions, les r\u00e9ponses et les meilleures pratiques peuvent \u00eatre partag\u00e9es ; et<\/li>\n<li>Fournissez une liste de ressources.<\/li>\n<\/ul>\n<p>&nbsp;<\/p>\n<p>[\/et_pb_text][et_pb_text _builder_version=\u00a0\u00bb4.23&Prime; _module_preset=\u00a0\u00bbdefault\u00a0\u00bb text_font_size=\u00a0\u00bb18px\u00a0\u00bb text_line_height=\u00a0\u00bb1.6em\u00a0\u00bb header_2_text_align=\u00a0\u00bbcenter\u00a0\u00bb header_2_text_color=\u00a0\u00bb#1d83ff\u00a0\u00bb custom_margin=\u00a0\u00bb||0px||false|false\u00a0\u00bb locked=\u00a0\u00bboff\u00a0\u00bb global_colors_info=\u00a0\u00bb{}\u00a0\u00bb]<\/p>\n<p>Nous aimerions organiser des s\u00e9ances de questions et r\u00e9ponses virtuelles une fois que nous aurons un nombre suffisant de capsules en ligne. Il s\u2019agira de sessions informelles o\u00f9 vous serez invit\u00e9 \u00e0 poser des questions aux experts sur des points que les capsules n\u2019abordent pas, o\u00f9 vous pourrez partager vos exp\u00e9riences avec d\u2019autres, en apprendre davantage sur les meilleures pratiques et r\u00e9seauter. Il y a beaucoup d\u2019informations disponibles \u2013 trouver la bonne source ou la bonne personne est souvent le probl\u00e8me et c\u2019est une fa\u00e7on de le faire.<\/p>\n<p>\u200b<\/p>\n<p>[\/et_pb_text][\/et_pb_column][et_pb_column type=\u00a0\u00bb1_2&Prime; _builder_version=\u00a0\u00bb4.23&Prime; _module_preset=\u00a0\u00bbdefault\u00a0\u00bb global_colors_info=\u00a0\u00bb{}\u00a0\u00bb][et_pb_image src=\u00a0\u00bbhttps:\/\/accelerando.media\/wp-content\/uploads\/2024\/03\/TBC-Accelerando-1.jpg\u00a0\u00bb _builder_version=\u00a0\u00bb4.23&Prime; _module_preset=\u00a0\u00bbdefault\u00a0\u00bb hover_enabled=\u00a0\u00bb0&Prime; global_colors_info=\u00a0\u00bb{}\u00a0\u00bb title_text=\u00a0\u00bbTBC-Accelerando-1&Prime; sticky_enabled=\u00a0\u00bb0&Prime;][\/et_pb_image][\/et_pb_column][\/et_pb_row][et_pb_row _builder_version=\u00a0\u00bb4.23&Prime; _module_preset=\u00a0\u00bbdefault\u00a0\u00bb][et_pb_column _builder_version=\u00a0\u00bb4.23&Prime; _module_preset=\u00a0\u00bbdefault\u00a0\u00bb type=\u00a0\u00bb4_4&Prime;][et_pb_text _builder_version=\u00a0\u00bb4.23&Prime; _module_preset=\u00a0\u00bbdefault\u00a0\u00bb text_font_size=\u00a0\u00bb18px\u00a0\u00bb text_line_height=\u00a0\u00bb1.6em\u00a0\u00bb header_2_text_align=\u00a0\u00bbcenter\u00a0\u00bb header_2_text_color=\u00a0\u00bb#1d83ff\u00a0\u00bb custom_margin=\u00a0\u00bb||0px||false|false\u00a0\u00bb locked=\u00a0\u00bboff\u00a0\u00bb global_colors_info=\u00a0\u00bb{}\u00a0\u00bb]<\/p>\n<p>Nous nous sommes efforc\u00e9s d\u2019\u00eatre aussi pr\u00e9cis que possible. Mais les circonstances changent, les lois sont vot\u00e9es, la technologie \u00e9volue&#8230; La subvention du Conseil des arts du Canada nous permettra de garder l\u2019information \u00e0 jour pendant un certain temps, mais vous devez vous assurer qu\u2019elle est toujours pertinente lorsque vous d\u00e9cidez de mettre de la musique en ligne.<\/p>\n<p>&nbsp;<\/p>\n<p>[\/et_pb_text][et_pb_text _builder_version=\u00a0\u00bb4.23&Prime; _module_preset=\u00a0\u00bbdefault\u00a0\u00bb text_font_size=\u00a0\u00bb18px\u00a0\u00bb text_line_height=\u00a0\u00bb1.6em\u00a0\u00bb header_2_text_align=\u00a0\u00bbcenter\u00a0\u00bb header_2_text_color=\u00a0\u00bb#1d83ff\u00a0\u00bb custom_margin=\u00a0\u00bb||15px||false|false\u00a0\u00bb locked=\u00a0\u00bboff\u00a0\u00bb global_colors_info=\u00a0\u00bb{}\u00a0\u00bb]<\/p>\n<p>accelerando.media ne r\u00e9pondra peut-\u00eatre pas \u00e0 toutes vos questions mais il vous fera r\u00e9fl\u00e9chir \u00e0 ce que vous devez faire avant de mettre votre musique en ligne. M\u00eame si vous avez d\u00e9j\u00e0 de la musique en ligne, accelerando.media peut vous aider \u00e0 vous assurer que vous l\u2019avez fait de mani\u00e8re optimale.<\/p>\n<p>[\/et_pb_text][et_pb_text _builder_version=\u00a0\u00bb4.23&Prime; _module_preset=\u00a0\u00bbdefault\u00a0\u00bb text_font_size=\u00a0\u00bb18px\u00a0\u00bb text_line_height=\u00a0\u00bb1.6em\u00a0\u00bb header_2_text_align=\u00a0\u00bbcenter\u00a0\u00bb header_2_text_color=\u00a0\u00bb#1d83ff\u00a0\u00bb locked=\u00a0\u00bboff\u00a0\u00bb global_colors_info=\u00a0\u00bb{}\u00a0\u00bb]<\/p>\n<p><strong>Ce que nous ne pouvons pas faire :<\/strong><br \/><strong>Offrez des conseils, juridiques ou autres.<\/strong><\/p>\n<p>[\/et_pb_text][\/et_pb_column][\/et_pb_row][\/et_pb_section]<\/p>\n","protected":false},"excerpt":{"rendered":"<p>\u00c0 proposVisionUn message de Barbara ScalesLa tendance \u00e0 une pr\u00e9sence en ligne de plus en plus importante pour les musiciens n\u2019a fait que se renforcer avec la pand\u00e9mie de COVID-19. L\u2019impact de la COVID s\u2019est fait sentir dans l\u2019ensemble de l\u2019\u00e9conomie, mais l\u2019impact sur l\u2019\u00e9cosyst\u00e8me musical a \u00e9t\u00e9 particuli\u00e8rement catastrophique. Les revenus des enregistrements diminuent [&hellip;]<\/p>\n","protected":false},"author":1,"featured_media":0,"parent":0,"menu_order":0,"comment_status":"closed","ping_status":"closed","template":"","meta":{"_et_pb_use_builder":"on","_et_pb_old_content":"","_et_gb_content_width":"","footnotes":""},"class_list":["post-821","page","type-page","status-publish","hentry"],"yoast_head":"<!-- This site is optimized with the Yoast SEO plugin v22.4 - https:\/\/yoast.com\/wordpress\/plugins\/seo\/ -->\n<title>\u00c0 propos - Accelerando Media<\/title>\n<meta name=\"robots\" content=\"index, follow, max-snippet:-1, max-image-preview:large, max-video-preview:-1\" \/>\n<link rel=\"canonical\" href=\"https:\/\/accelerando.media\/fr\/a-propos\/\" \/>\n<meta property=\"og:locale\" content=\"fr_CA\" \/>\n<meta property=\"og:type\" content=\"article\" \/>\n<meta property=\"og:title\" content=\"\u00c0 propos - Accelerando Media\" \/>\n<meta property=\"og:url\" content=\"https:\/\/accelerando.media\/fr\/a-propos\/\" \/>\n<meta property=\"og:site_name\" content=\"Accelerando Media\" \/>\n<meta property=\"article:modified_time\" content=\"2024-03-20T14:12:36+00:00\" \/>\n<meta name=\"twitter:card\" content=\"summary_large_image\" \/>\n<meta name=\"twitter:label1\" content=\"Estimation du temps de lecture\" \/>\n\t<meta name=\"twitter:data1\" content=\"10 minutes\" \/>\n<script type=\"application\/ld+json\" class=\"yoast-schema-graph\">{\"@context\":\"https:\/\/schema.org\",\"@graph\":[{\"@type\":\"WebPage\",\"@id\":\"https:\/\/accelerando.media\/fr\/a-propos\/\",\"url\":\"https:\/\/accelerando.media\/fr\/a-propos\/\",\"name\":\"\u00c0 propos - Accelerando Media\",\"isPartOf\":{\"@id\":\"https:\/\/accelerando.media\/#website\"},\"datePublished\":\"2023-10-31T12:51:45+00:00\",\"dateModified\":\"2024-03-20T14:12:36+00:00\",\"breadcrumb\":{\"@id\":\"https:\/\/accelerando.media\/fr\/a-propos\/#breadcrumb\"},\"inLanguage\":\"fr-CA\",\"potentialAction\":[{\"@type\":\"ReadAction\",\"target\":[\"https:\/\/accelerando.media\/fr\/a-propos\/\"]}]},{\"@type\":\"BreadcrumbList\",\"@id\":\"https:\/\/accelerando.media\/fr\/a-propos\/#breadcrumb\",\"itemListElement\":[{\"@type\":\"ListItem\",\"position\":1,\"name\":\"Home\",\"item\":\"https:\/\/accelerando.media\/fr\/\"},{\"@type\":\"ListItem\",\"position\":2,\"name\":\"\u00c0 propos\"}]},{\"@type\":\"WebSite\",\"@id\":\"https:\/\/accelerando.media\/#website\",\"url\":\"https:\/\/accelerando.media\/\",\"name\":\"Accelerando Media\",\"description\":\"\",\"potentialAction\":[{\"@type\":\"SearchAction\",\"target\":{\"@type\":\"EntryPoint\",\"urlTemplate\":\"https:\/\/accelerando.media\/?s={search_term_string}\"},\"query-input\":\"required name=search_term_string\"}],\"inLanguage\":\"fr-CA\"}]}<\/script>\n<!-- \/ Yoast SEO plugin. -->","yoast_head_json":{"title":"\u00c0 propos - Accelerando Media","robots":{"index":"index","follow":"follow","max-snippet":"max-snippet:-1","max-image-preview":"max-image-preview:large","max-video-preview":"max-video-preview:-1"},"canonical":"https:\/\/accelerando.media\/fr\/a-propos\/","og_locale":"fr_CA","og_type":"article","og_title":"\u00c0 propos - Accelerando Media","og_url":"https:\/\/accelerando.media\/fr\/a-propos\/","og_site_name":"Accelerando Media","article_modified_time":"2024-03-20T14:12:36+00:00","twitter_card":"summary_large_image","twitter_misc":{"Estimation du temps de lecture":"10 minutes"},"schema":{"@context":"https:\/\/schema.org","@graph":[{"@type":"WebPage","@id":"https:\/\/accelerando.media\/fr\/a-propos\/","url":"https:\/\/accelerando.media\/fr\/a-propos\/","name":"\u00c0 propos - Accelerando Media","isPartOf":{"@id":"https:\/\/accelerando.media\/#website"},"datePublished":"2023-10-31T12:51:45+00:00","dateModified":"2024-03-20T14:12:36+00:00","breadcrumb":{"@id":"https:\/\/accelerando.media\/fr\/a-propos\/#breadcrumb"},"inLanguage":"fr-CA","potentialAction":[{"@type":"ReadAction","target":["https:\/\/accelerando.media\/fr\/a-propos\/"]}]},{"@type":"BreadcrumbList","@id":"https:\/\/accelerando.media\/fr\/a-propos\/#breadcrumb","itemListElement":[{"@type":"ListItem","position":1,"name":"Home","item":"https:\/\/accelerando.media\/fr\/"},{"@type":"ListItem","position":2,"name":"\u00c0 propos"}]},{"@type":"WebSite","@id":"https:\/\/accelerando.media\/#website","url":"https:\/\/accelerando.media\/","name":"Accelerando Media","description":"","potentialAction":[{"@type":"SearchAction","target":{"@type":"EntryPoint","urlTemplate":"https:\/\/accelerando.media\/?s={search_term_string}"},"query-input":"required name=search_term_string"}],"inLanguage":"fr-CA"}]}},"_links":{"self":[{"href":"https:\/\/accelerando.media\/fr\/wp-json\/wp\/v2\/pages\/821","targetHints":{"allow":["GET"]}}],"collection":[{"href":"https:\/\/accelerando.media\/fr\/wp-json\/wp\/v2\/pages"}],"about":[{"href":"https:\/\/accelerando.media\/fr\/wp-json\/wp\/v2\/types\/page"}],"author":[{"embeddable":true,"href":"https:\/\/accelerando.media\/fr\/wp-json\/wp\/v2\/users\/1"}],"replies":[{"embeddable":true,"href":"https:\/\/accelerando.media\/fr\/wp-json\/wp\/v2\/comments?post=821"}],"version-history":[{"count":2,"href":"https:\/\/accelerando.media\/fr\/wp-json\/wp\/v2\/pages\/821\/revisions"}],"predecessor-version":[{"id":823,"href":"https:\/\/accelerando.media\/fr\/wp-json\/wp\/v2\/pages\/821\/revisions\/823"}],"wp:attachment":[{"href":"https:\/\/accelerando.media\/fr\/wp-json\/wp\/v2\/media?parent=821"}],"curies":[{"name":"wp","href":"https:\/\/api.w.org\/{rel}","templated":true}]}}